{"id":8530,"date":"2023-05-30T19:44:37","date_gmt":"2023-05-31T00:44:37","guid":{"rendered":"https:\/\/www.rozpalsac.com\/ieqsa\/?page_id=8530"},"modified":"2023-06-10T13:33:12","modified_gmt":"2023-06-10T18:33:12","slug":"inicio-es","status":"publish","type":"page","link":"https:\/\/www.rozpalsac.com\/ieqsa\/es\/","title":{"rendered":"inicio-es"},"content":{"rendered":"\t\t<div data-elementor-type=\"wp-page\" data-elementor-id=\"8530\" class=\"elementor elementor-8530\" data-elementor-post-type=\"page\">\n\t\t\t\t\t\t<section class=\"elementor-section elementor-top-section elementor-element elementor-element-c2291da elementor-section-full_width elementor-section-height-full videofull elementor-hidden-mobile elementor-section-height-default elementor-section-items-middle\" data-id=\"c2291da\" data-element_type=\"section\" data-settings=\"{&quot;jet_parallax_layout_list&quot;:[],&quot;background_background&quot;:&quot;video&quot;,&quot;background_video_link&quot;:&quot;https:\\\/\\\/www.rozpalsac.com\\\/ieqsa\\\/wp-content\\\/uploads\\\/2023\\\/05\\\/fondo-video.webm&quot;}\">\n\t\t\t\t\t\t\t\t<div class=\"elementor-background-video-container elementor-hidden-mobile\">\n\t\t\t\t\t\t\t\t\t\t\t\t\t<video class=\"elementor-background-video-hosted\" autoplay muted playsinline loop><\/video>\n\t\t\t\t\t\t\t\t\t\t\t<\/div>\n\t\t\t\t\t\t\t\t<div class=\"elementor-container elementor-column-gap-no\">\n\t\t\t\t\t<div class=\"elementor-column elementor-col-100 elementor-top-column elementor-element elementor-element-7e72587\" data-id=\"7e72587\" data-element_type=\"column\">\n\t\t\t<div class=\"elementor-widget-wrap\">\n\t\t\t\t\t\t\t<\/div>\n\t\t<\/div>\n\t\t\t\t\t<\/div>\n\t\t<\/section>\n\t\t\t\t<section class=\"elementor-section elementor-top-section elementor-element elementor-element-89230a3 elementor-section-full_width elementor-section-height-full elementor-section-content-middle elementor-hidden-desktop elementor-hidden-tablet elementor-section-height-default elementor-section-items-middle\" data-id=\"89230a3\" data-element_type=\"section\" data-settings=\"{&quot;jet_parallax_layout_list&quot;:[]}\">\n\t\t\t\t\t\t<div class=\"elementor-container elementor-column-gap-no\">\n\t\t\t\t\t<div class=\"elementor-column elementor-col-100 elementor-top-column elementor-element elementor-element-3a88985\" data-id=\"3a88985\" data-element_type=\"column\">\n\t\t\t<div class=\"elementor-widget-wrap elementor-element-populated\">\n\t\t\t\t\t\t<div class=\"elementor-element elementor-element-dd523ed elementor-widget elementor-widget-jet-slider\" data-id=\"dd523ed\" data-element_type=\"widget\" data-settings=\"{&quot;slider_height_tablet&quot;:{&quot;unit&quot;:&quot;vh&quot;,&quot;size&quot;:&quot;&quot;,&quot;sizes&quot;:[]},&quot;slider_height_mobile&quot;:{&quot;unit&quot;:&quot;vh&quot;,&quot;size&quot;:&quot;&quot;,&quot;sizes&quot;:[]},&quot;slider_height&quot;:{&quot;unit&quot;:&quot;px&quot;,&quot;size&quot;:740,&quot;sizes&quot;:[]}}\" data-widget_type=\"jet-slider.default\">\n\t\t\t\t<div class=\"elementor-widget-container\">\n\t\t\t\t\t<div class=\"elementor-jet-slider jet-elements\">\n<div class=\"jet-slider jet-slider__image-exact\" data-settings='{&quot;sliderWidth&quot;:{&quot;unit&quot;:&quot;%&quot;,&quot;size&quot;:100,&quot;sizes&quot;:[]},&quot;sliderHeight&quot;:{&quot;unit&quot;:&quot;px&quot;,&quot;size&quot;:740,&quot;sizes&quot;:[]},&quot;sliderNavigation&quot;:true,&quot;sliderNavigationIcon&quot;:&quot;jet-slider__arrow-icon-dd523ed&quot;,&quot;sliderNaviOnHover&quot;:false,&quot;sliderPagination&quot;:false,&quot;sliderAutoplay&quot;:true,&quot;sliderAutoplayDelay&quot;:5000,&quot;sliderAutoplayOnHover&quot;:&quot;pause&quot;,&quot;sliderFullScreen&quot;:false,&quot;sliderFullscreenIcon&quot;:&quot;jet-slider__fullscreen-icon-dd523ed&quot;,&quot;sliderShuffle&quot;:false,&quot;sliderLoop&quot;:true,&quot;sliderFadeMode&quot;:false,&quot;slideDistance&quot;:{&quot;unit&quot;:&quot;px&quot;,&quot;size&quot;:&quot;&quot;,&quot;sizes&quot;:[]},&quot;slideDuration&quot;:500,&quot;imageScaleMode&quot;:&quot;exact&quot;,&quot;thumbnails&quot;:false,&quot;thumbnailWidth&quot;:120,&quot;thumbnailHeight&quot;:80,&quot;rightToLeft&quot;:false,&quot;touchswipe&quot;:true,&quot;fractionPag&quot;:false,&quot;autoSliderHeight&quot;:false}'>\n\t\n<div  class=\"slider-pro\"><div class=\"jet-slider__arrow-icon-dd523ed hidden-html\"><i aria-hidden=\"true\" class=\"fas fa-angle-left\"><\/i><\/div><div class=\"jet-slider__fullscreen-icon-dd523ed hidden-html\"><\/div><div class=\"jet-slider__items sp-slides\">\n\n\n<div  class=\"jet-slider__item sp-slide elementor-repeater-item-915ae8d\"><div class=\"jet-slider__content sp-layer \" data-position=\"centerCenter\" data-width=\"100%\" data-height=\"100%\" data-horizontal=\"0%\" data-show-transition=\"up\" data-show-duration=\"400\" data-show-delay=\"400\" >\n\t\t<div class=\"jet-slider__content-item\">\n\t\t\t<div class=\"jet-slider__content-inner\"><h5 class=\"jet-slider__title\">ZINC LAMINADO VEROZINC<\/h5><div class=\"jet-slider__desc\">Desde 1992, IEQSA exporta regularmente bobinas, l\u00e1minas y tiras de zinc titanio laminado.<\/div>\n\t\t\t\t\t\t<div class=\"jet-slider__button-wrapper\"><a class=\"elementor-button elementor-size-md jet-slider__button jet-slider__button--primary\" href=\"https:\/\/www.rozpalsac.com\/ieqsa\/es\/zinc-laminado-verozinc\/\">M\u00e1s informaci\u00f3n<\/a>\t\t\t\t\t\t<\/div><\/div>\n\t\t<\/div>\n\t\t\t<\/div>\n<\/div>\n\n<div  class=\"jet-slider__item sp-slide elementor-repeater-item-d250b3c\"><div class=\"jet-slider__content sp-layer \" data-position=\"centerCenter\" data-width=\"100%\" data-height=\"100%\" data-horizontal=\"0%\" data-show-transition=\"up\" data-show-duration=\"400\" data-show-delay=\"400\" >\n\t\t<div class=\"jet-slider__content-item\">\n\t\t\t<div class=\"jet-slider__content-inner\"><h5 class=\"jet-slider__title\">OXIDO DE ZINC<\/h5><div class=\"jet-slider__desc\">\u201cSpecial High Grade\u201d de las refiner\u00edas peruanas producimos Oxido de Zinc tipificado como \u201cSello de Oro\u201c<\/div>\n\t\t\t\t\t\t<div class=\"jet-slider__button-wrapper\"><a class=\"elementor-button elementor-size-md jet-slider__button jet-slider__button--primary\" href=\"https:\/\/www.rozpalsac.com\/ieqsa\/es\/oxido-de-zinc\/\">M\u00e1s Informaci\u00f3n<\/a>\t\t\t\t\t\t<\/div><\/div>\n\t\t<\/div>\n\t\t\t<\/div>\n<\/div>\n\n<div  class=\"jet-slider__item sp-slide elementor-repeater-item-da8aef3\"><div class=\"jet-slider__content sp-layer \" data-position=\"centerCenter\" data-width=\"100%\" data-height=\"100%\" data-horizontal=\"0%\" data-show-transition=\"up\" data-show-duration=\"400\" data-show-delay=\"400\" >\n\t\t<div class=\"jet-slider__content-item\">\n\t\t\t<div class=\"jet-slider__content-inner\"><h5 class=\"jet-slider__title\">\u00c1NODOS PARA GALVANOPLAST\u00cdA<\/h5><div class=\"jet-slider__desc\">Las bondades del zinc electrol\u00edtico SHG, 99.995% de pureza m\u00ednima, producido por las refiner\u00edas peruanas<\/div>\n\t\t\t\t\t\t<div class=\"jet-slider__button-wrapper\"><a class=\"elementor-button elementor-size-md jet-slider__button jet-slider__button--primary\" href=\"https:\/\/www.rozpalsac.com\/ieqsa\/es\/anodos-para-galvanoplastia\/\">M\u00e1s informaci\u00f3n<\/a>\t\t\t\t\t\t<\/div><\/div>\n\t\t<\/div>\n\t\t\t<\/div>\n<\/div>\n\n<div  class=\"jet-slider__item sp-slide elementor-repeater-item-dd265f1\"><div class=\"jet-slider__content sp-layer \" data-position=\"centerCenter\" data-width=\"100%\" data-height=\"100%\" data-horizontal=\"0%\" data-show-transition=\"up\" data-show-duration=\"400\" data-show-delay=\"400\" >\n\t\t<div class=\"jet-slider__content-item\">\n\t\t\t<div class=\"jet-slider__content-inner\"><h5 class=\"jet-slider__title\">PRODUCTOS PARA PILAS EL\u00c9CTRICAS<\/h5><div class=\"jet-slider__desc\">Industrias Electroqu\u00edmicas produce tambi\u00e9n diversos productos de zinc para pilas el\u00e9ctricas<\/div>\n\t\t\t\t\t\t<div class=\"jet-slider__button-wrapper\"><a class=\"elementor-button elementor-size-md jet-slider__button jet-slider__button--primary\" href=\"https:\/\/www.rozpalsac.com\/ieqsa\/es\/productos-para-pilas-electricas\/\">M\u00e1s informaci\u00f3n<\/a>\t\t\t\t\t\t<\/div><\/div>\n\t\t<\/div>\n\t\t\t<\/div>\n<\/div>\n\n<div  class=\"jet-slider__item sp-slide elementor-repeater-item-6d35910\"><div class=\"jet-slider__content sp-layer \" data-position=\"centerCenter\" data-width=\"100%\" data-height=\"100%\" data-horizontal=\"0%\" data-show-transition=\"up\" data-show-duration=\"400\" data-show-delay=\"400\" >\n\t\t<div class=\"jet-slider__content-item\">\n\t\t\t<div class=\"jet-slider__content-inner\"><h5 class=\"jet-slider__title\">ALEACIONES DE ZINC - ZAMAC Y OTROS<\/h5><div class=\"jet-slider__desc\">\u00a1NO DUDE EN CONSULTARNOS SUS NECESIDADES DE ZAMAC Y DE OTRAS ALEACIONES DE ZINC!<\/div>\n\t\t\t\t\t\t<div class=\"jet-slider__button-wrapper\"><a class=\"elementor-button elementor-size-md jet-slider__button jet-slider__button--primary\" href=\"https:\/\/www.rozpalsac.com\/ieqsa\/es\/aleaciones-de-zinc-y-otros\/\">M\u00e1s Informaci\u00f3n<\/a>\t\t\t\t\t\t<\/div><\/div>\n\t\t<\/div>\n\t\t\t<\/div>\n<\/div>\n\n<\/div>\n<\/div>\n<\/div>\n<\/div>\t\t\t\t<\/div>\n\t\t\t\t<\/div>\n\t\t\t\t\t<\/div>\n\t\t<\/div>\n\t\t\t\t\t<\/div>\n\t\t<\/section>\n\t\t\t\t<\/div>\n\t\t","protected":false},"excerpt":{"rendered":"<p>ZINC LAMINADO VEROZINC Desde 1992, IEQSA exporta regularmente bobinas, l\u00e1minas y tiras de zinc titanio laminado. M\u00e1s informaci\u00f3n OXIDO DE ZINC \u201cSpecial High Grade\u201d de las refiner\u00edas peruanas producimos Oxido de Zinc tipificado como \u201cSello de Oro\u201c M\u00e1s Informaci\u00f3n \u00c1NODOS PARA GALVANOPLAST\u00cdA Las bondades del zinc electrol\u00edtico SHG, 99.995% de pureza m\u00ednima, producido por las [&hellip;]<\/p>\n","protected":false},"author":1,"featured_media":0,"parent":0,"menu_order":0,"comment_status":"closed","ping_status":"closed","template":"elementor_header_footer","meta":{"footnotes":""},"class_list":["post-8530","page","type-page","status-publish","hentry"],"_links":{"self":[{"href":"https:\/\/www.rozpalsac.com\/ieqsa\/wp-json\/wp\/v2\/pages\/8530","targetHints":{"allow":["GET"]}}],"collection":[{"href":"https:\/\/www.rozpalsac.com\/ieqsa\/wp-json\/wp\/v2\/pages"}],"about":[{"href":"https:\/\/www.rozpalsac.com\/ieqsa\/wp-json\/wp\/v2\/types\/page"}],"author":[{"embeddable":true,"href":"https:\/\/www.rozpalsac.com\/ieqsa\/wp-json\/wp\/v2\/users\/1"}],"replies":[{"embeddable":true,"href":"https:\/\/www.rozpalsac.com\/ieqsa\/wp-json\/wp\/v2\/comments?post=8530"}],"version-history":[{"count":0,"href":"https:\/\/www.rozpalsac.com\/ieqsa\/wp-json\/wp\/v2\/pages\/8530\/revisions"}],"wp:attachment":[{"href":"https:\/\/www.rozpalsac.com\/ieqsa\/wp-json\/wp\/v2\/media?parent=8530"}],"curies":[{"name":"wp","href":"https:\/\/api.w.org\/{rel}","templated":true}]}}