{"id":8654,"date":"2023-05-31T18:14:48","date_gmt":"2023-05-31T23:14:48","guid":{"rendered":"https:\/\/www.rozpalsac.com\/ieqsa\/?page_id=8654"},"modified":"2023-09-02T16:45:39","modified_gmt":"2023-09-02T21:45:39","slug":"productos","status":"publish","type":"page","link":"https:\/\/www.rozpalsac.com\/ieqsa\/es\/productos\/","title":{"rendered":"Productos"},"content":{"rendered":"\t\t<div data-elementor-type=\"wp-page\" data-elementor-id=\"8654\" class=\"elementor elementor-8654\" data-elementor-post-type=\"page\">\n\t\t\t\t\t\t<section class=\"elementor-section elementor-top-section elementor-element elementor-element-eaf64b7 elementor-section-full_width elementor-section-height-default elementor-section-height-default\" data-id=\"eaf64b7\" data-element_type=\"section\" data-settings=\"{&quot;jet_parallax_layout_list&quot;:[]}\">\n\t\t\t\t\t\t<div class=\"elementor-container elementor-column-gap-no\">\n\t\t\t\t\t<div class=\"elementor-column elementor-col-100 elementor-top-column elementor-element elementor-element-d43b5b6\" data-id=\"d43b5b6\" data-element_type=\"column\">\n\t\t\t<div class=\"elementor-widget-wrap elementor-element-populated\">\n\t\t\t\t\t\t<section class=\"elementor-section elementor-inner-section elementor-element elementor-element-3db5775 elementor-section-height-min-height elementor-section-boxed elementor-section-height-default\" data-id=\"3db5775\" data-element_type=\"section\" data-settings=\"{&quot;jet_parallax_layout_list&quot;:[],&quot;background_background&quot;:&quot;classic&quot;}\">\n\t\t\t\t\t\t\t<div class=\"elementor-background-overlay\"><\/div>\n\t\t\t\t\t\t\t<div class=\"elementor-container elementor-column-gap-default\">\n\t\t\t\t\t<div class=\"elementor-column elementor-col-100 elementor-inner-column elementor-element elementor-element-4d50f96\" data-id=\"4d50f96\" data-element_type=\"column\">\n\t\t\t<div class=\"elementor-widget-wrap elementor-element-populated\">\n\t\t\t\t\t\t<div class=\"elementor-element elementor-element-10025cd elementor-widget elementor-widget-heading\" data-id=\"10025cd\" data-element_type=\"widget\" data-widget_type=\"heading.default\">\n\t\t\t\t<div class=\"elementor-widget-container\">\n\t\t\t\t\t<h2 class=\"elementor-heading-title elementor-size-default\">PRODUCTOS<\/h2>\t\t\t\t<\/div>\n\t\t\t\t<\/div>\n\t\t\t\t<div class=\"elementor-element elementor-element-cd7ca69 elementor-widget-divider--view-line elementor-widget elementor-widget-divider\" data-id=\"cd7ca69\" data-element_type=\"widget\" data-widget_type=\"divider.default\">\n\t\t\t\t<div class=\"elementor-widget-container\">\n\t\t\t\t\t\t\t<div class=\"elementor-divider\">\n\t\t\t<span class=\"elementor-divider-separator\">\n\t\t\t\t\t\t<\/span>\n\t\t<\/div>\n\t\t\t\t\t\t<\/div>\n\t\t\t\t<\/div>\n\t\t\t\t\t<\/div>\n\t\t<\/div>\n\t\t\t\t\t<\/div>\n\t\t<\/section>\n\t\t\t\t<section class=\"elementor-section elementor-inner-section elementor-element elementor-element-f10ade9 elementor-section-boxed elementor-section-height-default elementor-section-height-default\" data-id=\"f10ade9\" data-element_type=\"section\" data-settings=\"{&quot;jet_parallax_layout_list&quot;:[]}\">\n\t\t\t\t\t\t<div class=\"elementor-container elementor-column-gap-extended\">\n\t\t\t\t\t<div class=\"elementor-column elementor-col-50 elementor-inner-column elementor-element elementor-element-7040ad3\" data-id=\"7040ad3\" data-element_type=\"column\">\n\t\t\t<div class=\"elementor-widget-wrap elementor-element-populated\">\n\t\t\t\t\t\t<div class=\"elementor-element elementor-element-f5abe04 elementor-widget elementor-widget-heading\" data-id=\"f5abe04\" data-element_type=\"widget\" data-widget_type=\"heading.default\">\n\t\t\t\t<div class=\"elementor-widget-container\">\n\t\t\t\t\t<h2 class=\"elementor-heading-title elementor-size-default\">ZINC LAMINADO VEROZINC<\/h2>\t\t\t\t<\/div>\n\t\t\t\t<\/div>\n\t\t\t\t<div class=\"elementor-element elementor-element-1fec66d elementor-widget elementor-widget-text-editor\" data-id=\"1fec66d\" data-element_type=\"widget\" data-widget_type=\"text-editor.default\">\n\t\t\t\t<div class=\"elementor-widget-container\">\n\t\t\t\t\t\t\t\t\t<p>Desde 1992, IEQSA exporta regularmente bobinas, l\u00e1minas y tiras de zinc titanio laminado. M\u00e1s de dos docenas de fabricantes de canaletas, tubos de desag\u00fce, codos y accesorios para techos en Alemania, Francia y otros 14 pa\u00edses de Europa y Asia, son nuestros clientes regulares.<\/p>\t\t\t\t\t\t\t\t<\/div>\n\t\t\t\t<\/div>\n\t\t\t\t<div class=\"elementor-element elementor-element-f0190c8 elementor-widget elementor-widget-button\" data-id=\"f0190c8\" data-element_type=\"widget\" data-widget_type=\"button.default\">\n\t\t\t\t<div class=\"elementor-widget-container\">\n\t\t\t\t\t\t\t\t\t<div class=\"elementor-button-wrapper\">\n\t\t\t\t\t<a class=\"elementor-button elementor-button-link elementor-size-sm\" href=\"https:\/\/www.rozpalsac.com\/ieqsa\/es\/zinc-laminado-verozinc\/\">\n\t\t\t\t\t\t<span class=\"elementor-button-content-wrapper\">\n\t\t\t\t\t\t\t\t\t<span class=\"elementor-button-text\">M\u00c1S INFORMACI\u00d3N<\/span>\n\t\t\t\t\t<\/span>\n\t\t\t\t\t<\/a>\n\t\t\t\t<\/div>\n\t\t\t\t\t\t\t\t<\/div>\n\t\t\t\t<\/div>\n\t\t\t\t\t<\/div>\n\t\t<\/div>\n\t\t\t\t<div class=\"elementor-column elementor-col-50 elementor-inner-column elementor-element elementor-element-12a1ef6\" data-id=\"12a1ef6\" data-element_type=\"column\">\n\t\t\t<div class=\"elementor-widget-wrap elementor-element-populated\">\n\t\t\t\t\t\t<div class=\"elementor-element elementor-element-816f3e9 elementor-widget elementor-widget-image\" data-id=\"816f3e9\" data-element_type=\"widget\" data-widget_type=\"image.default\">\n\t\t\t\t<div class=\"elementor-widget-container\">\n\t\t\t\t\t\t\t\t\t\t\t\t\t\t\t<img fetchpriority=\"high\" decoding=\"async\" width=\"768\" height=\"488\" src=\"https:\/\/www.rozpalsac.com\/ieqsa\/wp-content\/uploads\/2023\/06\/menu-verozinc.webp\" class=\"elementor-animation-grow attachment-large size-large wp-image-8839\" alt=\"\" srcset=\"https:\/\/www.rozpalsac.com\/ieqsa\/wp-content\/uploads\/2023\/06\/menu-verozinc.webp 768w, https:\/\/www.rozpalsac.com\/ieqsa\/wp-content\/uploads\/2023\/06\/menu-verozinc-300x191.webp 300w\" sizes=\"(max-width: 768px) 100vw, 768px\" \/>\t\t\t\t\t\t\t\t\t\t\t\t\t\t\t<\/div>\n\t\t\t\t<\/div>\n\t\t\t\t\t<\/div>\n\t\t<\/div>\n\t\t\t\t\t<\/div>\n\t\t<\/section>\n\t\t\t\t<section class=\"elementor-section elementor-inner-section elementor-element elementor-element-e5bcd64 elementor-section-boxed elementor-section-height-default elementor-section-height-default\" data-id=\"e5bcd64\" data-element_type=\"section\" data-settings=\"{&quot;jet_parallax_layout_list&quot;:[]}\">\n\t\t\t\t\t\t<div class=\"elementor-container elementor-column-gap-extended\">\n\t\t\t\t\t<div class=\"elementor-column elementor-col-50 elementor-inner-column elementor-element elementor-element-c146566\" data-id=\"c146566\" data-element_type=\"column\">\n\t\t\t<div class=\"elementor-widget-wrap elementor-element-populated\">\n\t\t\t\t\t\t<div class=\"elementor-element elementor-element-bf3c120 elementor-widget elementor-widget-image\" data-id=\"bf3c120\" data-element_type=\"widget\" data-widget_type=\"image.default\">\n\t\t\t\t<div class=\"elementor-widget-container\">\n\t\t\t\t\t\t\t\t\t\t\t\t\t\t\t<img decoding=\"async\" width=\"768\" height=\"488\" src=\"https:\/\/www.rozpalsac.com\/ieqsa\/wp-content\/uploads\/2023\/06\/menu-oxido.webp\" class=\"elementor-animation-grow attachment-large size-large wp-image-8909\" alt=\"\" srcset=\"https:\/\/www.rozpalsac.com\/ieqsa\/wp-content\/uploads\/2023\/06\/menu-oxido.webp 768w, https:\/\/www.rozpalsac.com\/ieqsa\/wp-content\/uploads\/2023\/06\/menu-oxido-300x191.webp 300w\" sizes=\"(max-width: 768px) 100vw, 768px\" \/>\t\t\t\t\t\t\t\t\t\t\t\t\t\t\t<\/div>\n\t\t\t\t<\/div>\n\t\t\t\t\t<\/div>\n\t\t<\/div>\n\t\t\t\t<div class=\"elementor-column elementor-col-50 elementor-inner-column elementor-element elementor-element-d964f9e\" data-id=\"d964f9e\" data-element_type=\"column\">\n\t\t\t<div class=\"elementor-widget-wrap elementor-element-populated\">\n\t\t\t\t\t\t<div class=\"elementor-element elementor-element-25dece3 elementor-widget elementor-widget-heading\" data-id=\"25dece3\" data-element_type=\"widget\" data-widget_type=\"heading.default\">\n\t\t\t\t<div class=\"elementor-widget-container\">\n\t\t\t\t\t<h2 class=\"elementor-heading-title elementor-size-default\">OXIDO DE ZINC<\/h2>\t\t\t\t<\/div>\n\t\t\t\t<\/div>\n\t\t\t\t<div class=\"elementor-element elementor-element-892aeee elementor-widget elementor-widget-text-editor\" data-id=\"892aeee\" data-element_type=\"widget\" data-widget_type=\"text-editor.default\">\n\t\t\t\t<div class=\"elementor-widget-container\">\n\t\t\t\t\t\t\t\t\t<p>A trav\u00e9s del m\u00e9todo franc\u00e9s de reducci\u00f3n indirecta y utilizando \u00fanicamente zinc \u201cSpecial High Grade\u201d de las refiner\u00edas peruanas producimos Oxido de Zinc tipificado como \u201cSello de Oro\u201c, con una pureza t\u00edpica del 99.9%. Estamos particularmente orgullosos de la calidad de nuestro producto: por su alta pureza, tama\u00f1o de part\u00edcula, \u00e1rea superficial y dem\u00e1s caracter\u00edsticas, est\u00e1 considerado entre los mejores oxidos de zinc clase farmac\u00e9utica disponibles en el mercado mundial.<\/p>\t\t\t\t\t\t\t\t<\/div>\n\t\t\t\t<\/div>\n\t\t\t\t<div class=\"elementor-element elementor-element-7f0c13a elementor-widget elementor-widget-button\" data-id=\"7f0c13a\" data-element_type=\"widget\" data-widget_type=\"button.default\">\n\t\t\t\t<div class=\"elementor-widget-container\">\n\t\t\t\t\t\t\t\t\t<div class=\"elementor-button-wrapper\">\n\t\t\t\t\t<a class=\"elementor-button elementor-button-link elementor-size-sm\" href=\"https:\/\/www.rozpalsac.com\/ieqsa\/es\/oxido-de-zinc\/\">\n\t\t\t\t\t\t<span class=\"elementor-button-content-wrapper\">\n\t\t\t\t\t\t\t\t\t<span class=\"elementor-button-text\">M\u00c1S INFORMACI\u00d3N<\/span>\n\t\t\t\t\t<\/span>\n\t\t\t\t\t<\/a>\n\t\t\t\t<\/div>\n\t\t\t\t\t\t\t\t<\/div>\n\t\t\t\t<\/div>\n\t\t\t\t\t<\/div>\n\t\t<\/div>\n\t\t\t\t\t<\/div>\n\t\t<\/section>\n\t\t\t\t<section class=\"elementor-section elementor-inner-section elementor-element elementor-element-0e2577b elementor-section-boxed elementor-section-height-default elementor-section-height-default\" data-id=\"0e2577b\" data-element_type=\"section\" data-settings=\"{&quot;jet_parallax_layout_list&quot;:[]}\">\n\t\t\t\t\t\t<div class=\"elementor-container elementor-column-gap-extended\">\n\t\t\t\t\t<div class=\"elementor-column elementor-col-50 elementor-inner-column elementor-element elementor-element-bc2faf8\" data-id=\"bc2faf8\" data-element_type=\"column\">\n\t\t\t<div class=\"elementor-widget-wrap elementor-element-populated\">\n\t\t\t\t\t\t<div class=\"elementor-element elementor-element-9826265 elementor-widget elementor-widget-heading\" data-id=\"9826265\" data-element_type=\"widget\" data-widget_type=\"heading.default\">\n\t\t\t\t<div class=\"elementor-widget-container\">\n\t\t\t\t\t<h2 class=\"elementor-heading-title elementor-size-default\">\u00c1NODOS PARA GALVANOPLAST\u00cdA<\/h2>\t\t\t\t<\/div>\n\t\t\t\t<\/div>\n\t\t\t\t<div class=\"elementor-element elementor-element-1f19f67 elementor-widget elementor-widget-text-editor\" data-id=\"1f19f67\" data-element_type=\"widget\" data-widget_type=\"text-editor.default\">\n\t\t\t\t<div class=\"elementor-widget-container\">\n\t\t\t\t\t\t\t\t\t<p>Las bondades del zinc electrol\u00edtico SHG, 99.995% de pureza m\u00ednima, producido por las refiner\u00edas peruanas, lo hacen la materia prima ideal para la producci\u00f3n de \u00e1nodos de zinc para galvanoplast\u00eda. Clientes de Alemania, Austria, B\u00e9lgica, Chile, Dinamarca, Espa\u00f1a, Estados Unidos, Finlandia, Francia, Italia, Jap\u00f3n, Paises Bajos, Polonia, Portugal, Reino Unido, Rep. Checa, Ruman\u00eda, Suecia y Suiza ya conocen las ventajas de los \u00e1nodos de zinc que IEQSA produce para esta aplicaci\u00f3n.<\/p>\t\t\t\t\t\t\t\t<\/div>\n\t\t\t\t<\/div>\n\t\t\t\t<div class=\"elementor-element elementor-element-1210c92 elementor-widget elementor-widget-button\" data-id=\"1210c92\" data-element_type=\"widget\" data-widget_type=\"button.default\">\n\t\t\t\t<div class=\"elementor-widget-container\">\n\t\t\t\t\t\t\t\t\t<div class=\"elementor-button-wrapper\">\n\t\t\t\t\t<a class=\"elementor-button elementor-button-link elementor-size-sm\" href=\"https:\/\/www.rozpalsac.com\/ieqsa\/es\/anodos-para-galvanoplastia\/\">\n\t\t\t\t\t\t<span class=\"elementor-button-content-wrapper\">\n\t\t\t\t\t\t\t\t\t<span class=\"elementor-button-text\">M\u00c1S INFORMACI\u00d3N<\/span>\n\t\t\t\t\t<\/span>\n\t\t\t\t\t<\/a>\n\t\t\t\t<\/div>\n\t\t\t\t\t\t\t\t<\/div>\n\t\t\t\t<\/div>\n\t\t\t\t\t<\/div>\n\t\t<\/div>\n\t\t\t\t<div class=\"elementor-column elementor-col-50 elementor-inner-column elementor-element elementor-element-726860f\" data-id=\"726860f\" data-element_type=\"column\">\n\t\t\t<div class=\"elementor-widget-wrap elementor-element-populated\">\n\t\t\t\t\t\t<div class=\"elementor-element elementor-element-c5ab2b4 elementor-widget elementor-widget-image\" data-id=\"c5ab2b4\" data-element_type=\"widget\" data-widget_type=\"image.default\">\n\t\t\t\t<div class=\"elementor-widget-container\">\n\t\t\t\t\t\t\t\t\t\t\t\t\t\t\t<img decoding=\"async\" width=\"768\" height=\"488\" src=\"https:\/\/www.rozpalsac.com\/ieqsa\/wp-content\/uploads\/2023\/06\/menu-anodos.webp\" class=\"elementor-animation-grow attachment-large size-large wp-image-8911\" alt=\"\" srcset=\"https:\/\/www.rozpalsac.com\/ieqsa\/wp-content\/uploads\/2023\/06\/menu-anodos.webp 768w, https:\/\/www.rozpalsac.com\/ieqsa\/wp-content\/uploads\/2023\/06\/menu-anodos-300x191.webp 300w\" sizes=\"(max-width: 768px) 100vw, 768px\" \/>\t\t\t\t\t\t\t\t\t\t\t\t\t\t\t<\/div>\n\t\t\t\t<\/div>\n\t\t\t\t\t<\/div>\n\t\t<\/div>\n\t\t\t\t\t<\/div>\n\t\t<\/section>\n\t\t\t\t<section class=\"elementor-section elementor-inner-section elementor-element elementor-element-e588f20 elementor-section-boxed elementor-section-height-default elementor-section-height-default\" data-id=\"e588f20\" data-element_type=\"section\" data-settings=\"{&quot;jet_parallax_layout_list&quot;:[]}\">\n\t\t\t\t\t\t<div class=\"elementor-container elementor-column-gap-extended\">\n\t\t\t\t\t<div class=\"elementor-column elementor-col-50 elementor-inner-column elementor-element elementor-element-92a8973\" data-id=\"92a8973\" data-element_type=\"column\">\n\t\t\t<div class=\"elementor-widget-wrap elementor-element-populated\">\n\t\t\t\t\t\t<div class=\"elementor-element elementor-element-207934a elementor-widget elementor-widget-image\" data-id=\"207934a\" data-element_type=\"widget\" data-widget_type=\"image.default\">\n\t\t\t\t<div class=\"elementor-widget-container\">\n\t\t\t\t\t\t\t\t\t\t\t\t\t\t\t<img loading=\"lazy\" decoding=\"async\" width=\"768\" height=\"488\" src=\"https:\/\/www.rozpalsac.com\/ieqsa\/wp-content\/uploads\/2023\/06\/menu-pilas.webp\" class=\"elementor-animation-grow attachment-large size-large wp-image-8913\" alt=\"\" srcset=\"https:\/\/www.rozpalsac.com\/ieqsa\/wp-content\/uploads\/2023\/06\/menu-pilas.webp 768w, https:\/\/www.rozpalsac.com\/ieqsa\/wp-content\/uploads\/2023\/06\/menu-pilas-300x191.webp 300w\" sizes=\"(max-width: 768px) 100vw, 768px\" \/>\t\t\t\t\t\t\t\t\t\t\t\t\t\t\t<\/div>\n\t\t\t\t<\/div>\n\t\t\t\t\t<\/div>\n\t\t<\/div>\n\t\t\t\t<div class=\"elementor-column elementor-col-50 elementor-inner-column elementor-element elementor-element-f217aa8\" data-id=\"f217aa8\" data-element_type=\"column\">\n\t\t\t<div class=\"elementor-widget-wrap elementor-element-populated\">\n\t\t\t\t\t\t<div class=\"elementor-element elementor-element-5ef2711 elementor-widget elementor-widget-heading\" data-id=\"5ef2711\" data-element_type=\"widget\" data-widget_type=\"heading.default\">\n\t\t\t\t<div class=\"elementor-widget-container\">\n\t\t\t\t\t<h2 class=\"elementor-heading-title elementor-size-default\">PRODUCTOS PARA PILAS EL\u00c9CTRICAS<\/h2>\t\t\t\t<\/div>\n\t\t\t\t<\/div>\n\t\t\t\t<div class=\"elementor-element elementor-element-de4d2ae elementor-widget elementor-widget-text-editor\" data-id=\"de4d2ae\" data-element_type=\"widget\" data-widget_type=\"text-editor.default\">\n\t\t\t\t<div class=\"elementor-widget-container\">\n\t\t\t\t\t\t\t\t\tQuiz\u00e1s el producto m\u00e1s conocido en el mundo entre los que fabrica IEQSA sean los Discos de Zinc (tambi\u00e9n conocidos como calotas, tejos o pastillas de zinc) para la extrusi\u00f3n de vasos para pilas secas. Este producto ya se exporta regularmente a 25 pa\u00edses, en todos los continentes. IEQSA fabrica estos discos en base a las aleaciones, dimensiones y normas de dureza dadas por cada cliente, disponiendo de todos los tipos de discos desde el R-25 hasta el R-03, redondos u hexagonales, sin lubricaci\u00f3n o pre-lubricados, en aleaciones con o sin Cadmio.\n\t\t\t\t\t\t\t\t<\/div>\n\t\t\t\t<\/div>\n\t\t\t\t<div class=\"elementor-element elementor-element-f8bafaf elementor-widget elementor-widget-button\" data-id=\"f8bafaf\" data-element_type=\"widget\" data-widget_type=\"button.default\">\n\t\t\t\t<div class=\"elementor-widget-container\">\n\t\t\t\t\t\t\t\t\t<div class=\"elementor-button-wrapper\">\n\t\t\t\t\t<a class=\"elementor-button elementor-button-link elementor-size-sm\" href=\"https:\/\/www.rozpalsac.com\/ieqsa\/es\/productos-para-pilas-electricas\/\">\n\t\t\t\t\t\t<span class=\"elementor-button-content-wrapper\">\n\t\t\t\t\t\t\t\t\t<span class=\"elementor-button-text\">M\u00c1S INFORMACI\u00d3N<\/span>\n\t\t\t\t\t<\/span>\n\t\t\t\t\t<\/a>\n\t\t\t\t<\/div>\n\t\t\t\t\t\t\t\t<\/div>\n\t\t\t\t<\/div>\n\t\t\t\t\t<\/div>\n\t\t<\/div>\n\t\t\t\t\t<\/div>\n\t\t<\/section>\n\t\t\t\t<section class=\"elementor-section elementor-inner-section elementor-element elementor-element-46a4761 elementor-section-boxed elementor-section-height-default elementor-section-height-default\" data-id=\"46a4761\" data-element_type=\"section\" data-settings=\"{&quot;jet_parallax_layout_list&quot;:[]}\">\n\t\t\t\t\t\t<div class=\"elementor-container elementor-column-gap-extended\">\n\t\t\t\t\t<div class=\"elementor-column elementor-col-50 elementor-inner-column elementor-element elementor-element-43987d6\" data-id=\"43987d6\" data-element_type=\"column\">\n\t\t\t<div class=\"elementor-widget-wrap elementor-element-populated\">\n\t\t\t\t\t\t<div class=\"elementor-element elementor-element-8bc6351 elementor-widget elementor-widget-heading\" data-id=\"8bc6351\" data-element_type=\"widget\" data-widget_type=\"heading.default\">\n\t\t\t\t<div class=\"elementor-widget-container\">\n\t\t\t\t\t<h2 class=\"elementor-heading-title elementor-size-default\">ALEACIONES DE ZINC - ZAMAC Y OTROS<\/h2>\t\t\t\t<\/div>\n\t\t\t\t<\/div>\n\t\t\t\t<div class=\"elementor-element elementor-element-45ff0b1 elementor-widget elementor-widget-text-editor\" data-id=\"45ff0b1\" data-element_type=\"widget\" data-widget_type=\"text-editor.default\">\n\t\t\t\t<div class=\"elementor-widget-container\">\n\t\t\t\t\t\t\t\t\t<p>IEQSA tiene acumuladas m\u00e1s de cuatro d\u00e9cadas de experiencia en la elaboraci\u00f3n de aleaciones de zinc para los m\u00e1s diversos usos y aplicaciones.<\/p><p>Para los usuarios de Zamac (Zamak), por ejemplo, estamos suministrando una gama completa de estas aleaciones, seg\u00fan estas se encuentran tipificadas en las normas t\u00e9cnicas EN1774 (Europa), ASTM B240-07 (USA) y otras.<\/p>\t\t\t\t\t\t\t\t<\/div>\n\t\t\t\t<\/div>\n\t\t\t\t<div class=\"elementor-element elementor-element-55f9e13 elementor-widget elementor-widget-button\" data-id=\"55f9e13\" data-element_type=\"widget\" data-widget_type=\"button.default\">\n\t\t\t\t<div class=\"elementor-widget-container\">\n\t\t\t\t\t\t\t\t\t<div class=\"elementor-button-wrapper\">\n\t\t\t\t\t<a class=\"elementor-button elementor-button-link elementor-size-sm\" href=\"https:\/\/www.rozpalsac.com\/ieqsa\/es\/aleaciones-de-zinc-y-otros\/\">\n\t\t\t\t\t\t<span class=\"elementor-button-content-wrapper\">\n\t\t\t\t\t\t\t\t\t<span class=\"elementor-button-text\">M\u00c1S INFORMACI\u00d3N<\/span>\n\t\t\t\t\t<\/span>\n\t\t\t\t\t<\/a>\n\t\t\t\t<\/div>\n\t\t\t\t\t\t\t\t<\/div>\n\t\t\t\t<\/div>\n\t\t\t\t\t<\/div>\n\t\t<\/div>\n\t\t\t\t<div class=\"elementor-column elementor-col-50 elementor-inner-column elementor-element elementor-element-ed538ff\" data-id=\"ed538ff\" data-element_type=\"column\">\n\t\t\t<div class=\"elementor-widget-wrap elementor-element-populated\">\n\t\t\t\t\t\t<div class=\"elementor-element elementor-element-8431fe7 elementor-widget elementor-widget-image\" data-id=\"8431fe7\" data-element_type=\"widget\" data-widget_type=\"image.default\">\n\t\t\t\t<div class=\"elementor-widget-container\">\n\t\t\t\t\t\t\t\t\t\t\t\t\t\t\t<img loading=\"lazy\" decoding=\"async\" width=\"768\" height=\"488\" src=\"https:\/\/www.rozpalsac.com\/ieqsa\/wp-content\/uploads\/2023\/06\/menu-aleaciones.webp\" class=\"elementor-animation-grow attachment-large size-large wp-image-8915\" alt=\"\" srcset=\"https:\/\/www.rozpalsac.com\/ieqsa\/wp-content\/uploads\/2023\/06\/menu-aleaciones.webp 768w, https:\/\/www.rozpalsac.com\/ieqsa\/wp-content\/uploads\/2023\/06\/menu-aleaciones-300x191.webp 300w\" sizes=\"(max-width: 768px) 100vw, 768px\" \/>\t\t\t\t\t\t\t\t\t\t\t\t\t\t\t<\/div>\n\t\t\t\t<\/div>\n\t\t\t\t\t<\/div>\n\t\t<\/div>\n\t\t\t\t\t<\/div>\n\t\t<\/section>\n\t\t\t\t<div class=\"elementor-element elementor-element-94cb07b elementor-widget elementor-widget-spacer\" data-id=\"94cb07b\" data-element_type=\"widget\" data-widget_type=\"spacer.default\">\n\t\t\t\t<div class=\"elementor-widget-container\">\n\t\t\t\t\t\t\t<div class=\"elementor-spacer\">\n\t\t\t<div class=\"elementor-spacer-inner\"><\/div>\n\t\t<\/div>\n\t\t\t\t\t\t<\/div>\n\t\t\t\t<\/div>\n\t\t\t\t\t<\/div>\n\t\t<\/div>\n\t\t\t\t\t<\/div>\n\t\t<\/section>\n\t\t\t\t<\/div>\n\t\t","protected":false},"excerpt":{"rendered":"<p>PRODUCTOS ZINC LAMINADO VEROZINC Desde 1992, IEQSA exporta regularmente bobinas, l\u00e1minas y tiras de zinc titanio laminado. M\u00e1s de dos docenas de fabricantes de canaletas, tubos de desag\u00fce, codos y accesorios para techos en Alemania, Francia y otros 14 pa\u00edses de Europa y Asia, son nuestros clientes regulares. M\u00c1S INFORMACI\u00d3N OXIDO DE ZINC A trav\u00e9s [&hellip;]<\/p>\n","protected":false},"author":1,"featured_media":0,"parent":0,"menu_order":0,"comment_status":"closed","ping_status":"closed","template":"elementor_header_footer","meta":{"footnotes":""},"class_list":["post-8654","page","type-page","status-publish","hentry"],"_links":{"self":[{"href":"https:\/\/www.rozpalsac.com\/ieqsa\/wp-json\/wp\/v2\/pages\/8654","targetHints":{"allow":["GET"]}}],"collection":[{"href":"https:\/\/www.rozpalsac.com\/ieqsa\/wp-json\/wp\/v2\/pages"}],"about":[{"href":"https:\/\/www.rozpalsac.com\/ieqsa\/wp-json\/wp\/v2\/types\/page"}],"author":[{"embeddable":true,"href":"https:\/\/www.rozpalsac.com\/ieqsa\/wp-json\/wp\/v2\/users\/1"}],"replies":[{"embeddable":true,"href":"https:\/\/www.rozpalsac.com\/ieqsa\/wp-json\/wp\/v2\/comments?post=8654"}],"version-history":[{"count":0,"href":"https:\/\/www.rozpalsac.com\/ieqsa\/wp-json\/wp\/v2\/pages\/8654\/revisions"}],"wp:attachment":[{"href":"https:\/\/www.rozpalsac.com\/ieqsa\/wp-json\/wp\/v2\/media?parent=8654"}],"curies":[{"name":"wp","href":"https:\/\/api.w.org\/{rel}","templated":true}]}}