{"id":8670,"date":"2023-05-31T18:24:31","date_gmt":"2023-05-31T23:24:31","guid":{"rendered":"https:\/\/www.rozpalsac.com\/ieqsa\/?page_id=8670"},"modified":"2025-03-27T19:03:05","modified_gmt":"2025-03-28T00:03:05","slug":"nosotros","status":"publish","type":"page","link":"https:\/\/www.rozpalsac.com\/ieqsa\/es\/nosotros\/","title":{"rendered":"Nosotros"},"content":{"rendered":"\t\t<div data-elementor-type=\"wp-page\" data-elementor-id=\"8670\" class=\"elementor elementor-8670\" data-elementor-post-type=\"page\">\n\t\t\t\t\t\t<section class=\"elementor-section elementor-top-section elementor-element elementor-element-6043333 elementor-section-full_width elementor-section-height-default elementor-section-height-default\" data-id=\"6043333\" data-element_type=\"section\" data-settings=\"{&quot;jet_parallax_layout_list&quot;:[]}\">\n\t\t\t\t\t\t<div class=\"elementor-container elementor-column-gap-no\">\n\t\t\t\t\t<div class=\"elementor-column elementor-col-100 elementor-top-column elementor-element elementor-element-38894a3\" data-id=\"38894a3\" data-element_type=\"column\">\n\t\t\t<div class=\"elementor-widget-wrap elementor-element-populated\">\n\t\t\t\t\t\t<section class=\"elementor-section elementor-inner-section elementor-element elementor-element-ebcdb36 elementor-section-height-min-height elementor-section-boxed elementor-section-height-default\" data-id=\"ebcdb36\" data-element_type=\"section\" data-settings=\"{&quot;jet_parallax_layout_list&quot;:[],&quot;background_background&quot;:&quot;classic&quot;}\">\n\t\t\t\t\t\t\t<div class=\"elementor-background-overlay\"><\/div>\n\t\t\t\t\t\t\t<div class=\"elementor-container elementor-column-gap-default\">\n\t\t\t\t\t<div class=\"elementor-column elementor-col-100 elementor-inner-column elementor-element elementor-element-a0068ce\" data-id=\"a0068ce\" data-element_type=\"column\">\n\t\t\t<div class=\"elementor-widget-wrap elementor-element-populated\">\n\t\t\t\t\t\t<div class=\"elementor-element elementor-element-175162b elementor-widget elementor-widget-heading\" data-id=\"175162b\" data-element_type=\"widget\" data-widget_type=\"heading.default\">\n\t\t\t\t<div class=\"elementor-widget-container\">\n\t\t\t\t\t<h2 class=\"elementor-heading-title elementor-size-default\">NOSOTROS<\/h2>\t\t\t\t<\/div>\n\t\t\t\t<\/div>\n\t\t\t\t<div class=\"elementor-element elementor-element-3fc3811 elementor-widget-divider--view-line elementor-widget elementor-widget-divider\" data-id=\"3fc3811\" data-element_type=\"widget\" data-widget_type=\"divider.default\">\n\t\t\t\t<div class=\"elementor-widget-container\">\n\t\t\t\t\t\t\t<div class=\"elementor-divider\">\n\t\t\t<span class=\"elementor-divider-separator\">\n\t\t\t\t\t\t<\/span>\n\t\t<\/div>\n\t\t\t\t\t\t<\/div>\n\t\t\t\t<\/div>\n\t\t\t\t\t<\/div>\n\t\t<\/div>\n\t\t\t\t\t<\/div>\n\t\t<\/section>\n\t\t\t\t<section class=\"elementor-section elementor-inner-section elementor-element elementor-element-1668b07 elementor-section-boxed elementor-section-height-default elementor-section-height-default\" data-id=\"1668b07\" data-element_type=\"section\" data-settings=\"{&quot;jet_parallax_layout_list&quot;:[]}\">\n\t\t\t\t\t\t<div class=\"elementor-container elementor-column-gap-extended\">\n\t\t\t\t\t<div class=\"elementor-column elementor-col-50 elementor-inner-column elementor-element elementor-element-d3666ff\" data-id=\"d3666ff\" data-element_type=\"column\">\n\t\t\t<div class=\"elementor-widget-wrap elementor-element-populated\">\n\t\t\t\t\t\t<div class=\"elementor-element elementor-element-04e4edc elementor-widget elementor-widget-text-editor\" data-id=\"04e4edc\" data-element_type=\"widget\" data-widget_type=\"text-editor.default\">\n\t\t\t\t<div class=\"elementor-widget-container\">\n\t\t\t\t\t\t\t\t\tUbicado junto a la zona portuaria de la ciudad de Lima, capital del Per\u00fa, Industrias Electro-Qu\u00edmicas (IEQSA) es el principal complejo industrial de transformaci\u00f3n del zinc del Per\u00fa y de Sudam\u00e9rica.\t\t\t\t\t\t\t\t<\/div>\n\t\t\t\t<\/div>\n\t\t\t\t\t<\/div>\n\t\t<\/div>\n\t\t\t\t<div class=\"elementor-column elementor-col-50 elementor-inner-column elementor-element elementor-element-e89e121\" data-id=\"e89e121\" data-element_type=\"column\">\n\t\t\t<div class=\"elementor-widget-wrap elementor-element-populated\">\n\t\t\t\t\t\t<div class=\"elementor-element elementor-element-a896d7b elementor-widget elementor-widget-jet-carousel\" data-id=\"a896d7b\" data-element_type=\"widget\" data-settings=\"{&quot;slides_to_show&quot;:&quot;1&quot;,&quot;slides_to_scroll&quot;:&quot;1&quot;}\" data-widget_type=\"jet-carousel.default\">\n\t\t\t\t<div class=\"elementor-widget-container\">\n\t\t\t\t\t<div class=\"elementor-jet-carousel jet-elements\"><div class=\"jet-carousel-wrap jet-equal-cols\">\n\t<div class=\"jet-carousel\" data-slider_options=\"{&quot;autoplaySpeed&quot;:6000,&quot;autoplay&quot;:true,&quot;infinite&quot;:true,&quot;centerMode&quot;:false,&quot;centerPadding&quot;:&quot;50px&quot;,&quot;pauseOnHover&quot;:false,&quot;speed&quot;:500,&quot;arrows&quot;:true,&quot;dots&quot;:false,&quot;variableWidth&quot;:false,&quot;prevArrow&quot;:&quot;.jet-carousel__prev-arrow-a896d7b&quot;,&quot;nextArrow&quot;:&quot;.jet-carousel__next-arrow-a896d7b&quot;,&quot;rtl&quot;:false,&quot;fractionNav&quot;:false,&quot;fade&quot;:false}\" dir=\"ltr\">\n\t<div class=\"elementor-slick-slider\">\n\n<div class=\"jet-carousel__item\">\n\t<div class=\"jet-carousel__item-inner\"><img decoding=\"async\" src=\"https:\/\/www.rozpalsac.com\/ieqsa\/wp-content\/uploads\/2023\/06\/nosotros03-1.webp\" class=\"jet-carousel__item-img\" alt=\"nosotros03-1\" loading=\"lazy\"><div class=\"jet-carousel__content\"><\/div><\/div>\n<\/div>\n\n<div class=\"jet-carousel__item\">\n\t<div class=\"jet-carousel__item-inner\"><img decoding=\"async\" src=\"https:\/\/www.rozpalsac.com\/ieqsa\/wp-content\/uploads\/2023\/06\/nosotros01-1.webp\" class=\"jet-carousel__item-img\" alt=\"nosotros01-1\" loading=\"lazy\"><div class=\"jet-carousel__content\"><\/div><\/div>\n<\/div>\n\n<div class=\"jet-carousel__item\">\n\t<div class=\"jet-carousel__item-inner\"><img decoding=\"async\" src=\"https:\/\/www.rozpalsac.com\/ieqsa\/wp-content\/uploads\/2023\/06\/nosotros04-1.webp\" class=\"jet-carousel__item-img\" alt=\"nosotros04-1\" loading=\"lazy\"><div class=\"jet-carousel__content\"><\/div><\/div>\n<\/div>\n<\/div><div class=\"jet-carousel__prev-arrow-a896d7b jet-arrow prev-arrow\"><i aria-hidden=\"true\" class=\"fas fa-angle-left\"><\/i><\/div><div class=\"jet-carousel__next-arrow-a896d7b jet-arrow next-arrow\"><i aria-hidden=\"true\" class=\"fas fa-angle-right\"><\/i><\/div><\/div>\n<\/div>\n<\/div>\t\t\t\t<\/div>\n\t\t\t\t<\/div>\n\t\t\t\t\t<\/div>\n\t\t<\/div>\n\t\t\t\t\t<\/div>\n\t\t<\/section>\n\t\t\t\t<section class=\"elementor-section elementor-inner-section elementor-element elementor-element-afa5e37 elementor-section-boxed elementor-section-height-default elementor-section-height-default\" data-id=\"afa5e37\" data-element_type=\"section\" data-settings=\"{&quot;jet_parallax_layout_list&quot;:[],&quot;background_background&quot;:&quot;classic&quot;}\">\n\t\t\t\t\t\t<div class=\"elementor-container elementor-column-gap-extended\">\n\t\t\t\t\t<div class=\"elementor-column elementor-col-33 elementor-inner-column elementor-element elementor-element-30bd935\" data-id=\"30bd935\" data-element_type=\"column\">\n\t\t\t<div class=\"elementor-widget-wrap elementor-element-populated\">\n\t\t\t\t\t\t<div class=\"elementor-element elementor-element-c2f7e00 elementor-widget elementor-widget-text-editor\" data-id=\"c2f7e00\" data-element_type=\"widget\" data-widget_type=\"text-editor.default\">\n\t\t\t\t<div class=\"elementor-widget-container\">\n\t\t\t\t\t\t\t\t\t<p>Sus operaciones abarcan la producci\u00f3n de derivados metal\u00fargicos del zinc tales como aleaciones, zinc laminado (hojas de zinc, tiras, bobinas de zinc y planchas), discos de zinc para pilas (calotas o tejos), l\u00e1minas para uso electroqu\u00edmico, \u00e1nodos para galvanoplast\u00eda (zincado electrol\u00edtico) y la elaboraci\u00f3n de productos qu\u00edmicos tales como \u00f3xido de zinc. Sus exportaciones abarcan hoy todo el mundo.<\/p>\t\t\t\t\t\t\t\t<\/div>\n\t\t\t\t<\/div>\n\t\t\t\t\t<\/div>\n\t\t<\/div>\n\t\t\t\t<div class=\"elementor-column elementor-col-33 elementor-inner-column elementor-element elementor-element-da18f9e\" data-id=\"da18f9e\" data-element_type=\"column\">\n\t\t\t<div class=\"elementor-widget-wrap elementor-element-populated\">\n\t\t\t\t\t\t<div class=\"elementor-element elementor-element-872a11d elementor-widget elementor-widget-text-editor\" data-id=\"872a11d\" data-element_type=\"widget\" data-widget_type=\"text-editor.default\">\n\t\t\t\t<div class=\"elementor-widget-container\">\n\t\t\t\t\t\t\t\t\t<p>No somos un gigante mundial de la industria de metales \u2013 pero si somos una instalaci\u00f3n moderna y eficiente, con la fuerza de un pa\u00eds que, siendo joven, posee una de las tradiciones metal\u00fargicas mas antiguas del planeta. No necesitamos ser grandes para hacer grandes cosas por Ud.<\/p>\t\t\t\t\t\t\t\t<\/div>\n\t\t\t\t<\/div>\n\t\t\t\t\t<\/div>\n\t\t<\/div>\n\t\t\t\t<div class=\"elementor-column elementor-col-33 elementor-inner-column elementor-element elementor-element-4a21a94\" data-id=\"4a21a94\" data-element_type=\"column\">\n\t\t\t<div class=\"elementor-widget-wrap elementor-element-populated\">\n\t\t\t\t\t\t<div class=\"elementor-element elementor-element-4eff942 elementor-widget elementor-widget-text-editor\" data-id=\"4eff942\" data-element_type=\"widget\" data-widget_type=\"text-editor.default\">\n\t\t\t\t<div class=\"elementor-widget-container\">\n\t\t\t\t\t\t\t\t\t<p>Si sus necesidades tienen que ver con el zinc cons\u00faltenos. Tenemos una amplia gama de derivados metal\u00fargicos, laminados y qu\u00edmicos, a su entera disposici\u00f3n \u2013 y la voluntad de servicio que s\u00f3lo una empresa de nuestro tama\u00f1o puede tener.<\/p>\t\t\t\t\t\t\t\t<\/div>\n\t\t\t\t<\/div>\n\t\t\t\t<div class=\"elementor-element elementor-element-eb49143 elementor-widget__width-initial elementor-widget elementor-widget-image\" data-id=\"eb49143\" data-element_type=\"widget\" data-widget_type=\"image.default\">\n\t\t\t\t<div class=\"elementor-widget-container\">\n\t\t\t\t\t\t\t\t\t\t\t\t\t\t\t\t<a href=\"https:\/\/www.rozpalsac.com\/ieqsa\/wp-content\/uploads\/2025\/03\/Reporte-de-Sostenibilidad-IEQSA-es.pdf\" target=\"_blank\">\n\t\t\t\t\t\t\t<img fetchpriority=\"high\" decoding=\"async\" width=\"300\" height=\"300\" src=\"https:\/\/www.rozpalsac.com\/ieqsa\/wp-content\/uploads\/2023\/06\/logo-ieqsa-2023-300px.webp\" class=\"attachment-full size-full wp-image-8808\" alt=\"\" srcset=\"https:\/\/www.rozpalsac.com\/ieqsa\/wp-content\/uploads\/2023\/06\/logo-ieqsa-2023-300px.webp 300w, https:\/\/www.rozpalsac.com\/ieqsa\/wp-content\/uploads\/2023\/06\/logo-ieqsa-2023-300px-150x150.webp 150w\" sizes=\"(max-width: 300px) 100vw, 300px\" \/>\t\t\t\t\t\t\t\t<\/a>\n\t\t\t\t\t\t\t\t\t\t\t\t\t\t\t<\/div>\n\t\t\t\t<\/div>\n\t\t\t\t<div class=\"elementor-element elementor-element-2598d3e elementor-widget__width-initial elementor-widget elementor-widget-heading\" data-id=\"2598d3e\" data-element_type=\"widget\" data-widget_type=\"heading.default\">\n\t\t\t\t<div class=\"elementor-widget-container\">\n\t\t\t\t\t<h2 class=\"elementor-heading-title elementor-size-default\"><a href=\"https:\/\/www.rozpalsac.com\/ieqsa\/wp-content\/uploads\/2025\/03\/Reporte-de-Sostenibilidad-IEQSA-es.pdf\" target=\"_blank\">REPORTE ANUAL DE SOSTENIBILIDAD<\/a><\/h2>\t\t\t\t<\/div>\n\t\t\t\t<\/div>\n\t\t\t\t\t<\/div>\n\t\t<\/div>\n\t\t\t\t\t<\/div>\n\t\t<\/section>\n\t\t\t\t<section class=\"elementor-section elementor-inner-section elementor-element elementor-element-6863a3f elementor-section-full_width elementor-section-height-default elementor-section-height-default\" data-id=\"6863a3f\" data-element_type=\"section\" data-settings=\"{&quot;jet_parallax_layout_list&quot;:[],&quot;background_background&quot;:&quot;classic&quot;}\">\n\t\t\t\t\t\t\t<div class=\"elementor-background-overlay\"><\/div>\n\t\t\t\t\t\t\t<div class=\"elementor-container elementor-column-gap-no\">\n\t\t\t\t\t<div class=\"elementor-column elementor-col-100 elementor-inner-column elementor-element elementor-element-42af75c\" data-id=\"42af75c\" data-element_type=\"column\" data-settings=\"{&quot;background_background&quot;:&quot;classic&quot;}\">\n\t\t\t<div class=\"elementor-widget-wrap elementor-element-populated\">\n\t\t\t\t\t<div class=\"elementor-background-overlay\"><\/div>\n\t\t\t\t\t\t<div class=\"elementor-element elementor-element-92cb875 elementor-widget elementor-widget-heading\" data-id=\"92cb875\" data-element_type=\"widget\" data-widget_type=\"heading.default\">\n\t\t\t\t<div class=\"elementor-widget-container\">\n\t\t\t\t\t<h2 class=\"elementor-heading-title elementor-size-default\">PER\u00da: PA\u00cdS DEL ZINC<\/h2>\t\t\t\t<\/div>\n\t\t\t\t<\/div>\n\t\t\t\t<div class=\"elementor-element elementor-element-88522de elementor-widget elementor-widget-text-editor\" data-id=\"88522de\" data-element_type=\"widget\" data-widget_type=\"text-editor.default\">\n\t\t\t\t<div class=\"elementor-widget-container\">\n\t\t\t\t\t\t\t\t\tPer\u00fa es el regalo de los Andes. En las entra\u00f1as de esta naci\u00f3n de los Andes centrales de SudAm\u00e9rica, se encuentra una de las mayores reservas mineras del planeta.\t\t\t\t\t\t\t\t<\/div>\n\t\t\t\t<\/div>\n\t\t\t\t<div class=\"elementor-element elementor-element-79ff9a3 elementor-align-center elementor-widget elementor-widget-button\" data-id=\"79ff9a3\" data-element_type=\"widget\" data-widget_type=\"button.default\">\n\t\t\t\t<div class=\"elementor-widget-container\">\n\t\t\t\t\t\t\t\t\t<div class=\"elementor-button-wrapper\">\n\t\t\t\t\t<a class=\"elementor-button elementor-button-link elementor-size-sm\" href=\"https:\/\/www.rozpalsac.com\/ieqsa\/es\/contactenos\/\">\n\t\t\t\t\t\t<span class=\"elementor-button-content-wrapper\">\n\t\t\t\t\t\t\t\t\t<span class=\"elementor-button-text\">CONTACT\u00c9NOS<\/span>\n\t\t\t\t\t<\/span>\n\t\t\t\t\t<\/a>\n\t\t\t\t<\/div>\n\t\t\t\t\t\t\t\t<\/div>\n\t\t\t\t<\/div>\n\t\t\t\t\t<\/div>\n\t\t<\/div>\n\t\t\t\t\t<\/div>\n\t\t<\/section>\n\t\t\t\t<section class=\"elementor-section elementor-inner-section elementor-element elementor-element-7686da4 elementor-section-boxed elementor-section-height-default elementor-section-height-default\" data-id=\"7686da4\" data-element_type=\"section\" data-settings=\"{&quot;jet_parallax_layout_list&quot;:[]}\">\n\t\t\t\t\t\t<div class=\"elementor-container elementor-column-gap-extended\">\n\t\t\t\t\t<div class=\"elementor-column elementor-col-50 elementor-inner-column elementor-element elementor-element-8052c45\" data-id=\"8052c45\" data-element_type=\"column\">\n\t\t\t<div class=\"elementor-widget-wrap elementor-element-populated\">\n\t\t\t\t\t\t<div class=\"elementor-element elementor-element-e025b2c elementor-widget elementor-widget-text-editor\" data-id=\"e025b2c\" data-element_type=\"widget\" data-widget_type=\"text-editor.default\">\n\t\t\t\t<div class=\"elementor-widget-container\">\n\t\t\t\t\t\t\t\t\t<p>La actividad de refinaci\u00f3n moderna del zinc en el Per\u00fa se inicia con la refiner\u00eda de La Oroya en 1922 y continu\u00f3 desarroll\u00e1ndose con la inauguraci\u00f3n de una segunda, Cajamarquilla, en abril de 1981. La energ\u00eda hidroel\u00e9ctrica, otro regalo de los Andes, permite contar con un suministro internacionalmente competitivo de electricidad. Desde el 2004, la explotaci\u00f3n del yacimiento de gas natural de Camisea, uno de los m\u00e1s importantes de Am\u00e9rica del Sur, ha puesto a disposici\u00f3n de IEQSA otra fuente de energ\u00eda, a costo internacionalmente competitivo. Finalmente, la apertura reciente de nuevas minas de zinc hacen que el Per\u00fa ocupe hoy el segundo lugar entre los exportadores mundiales de zinc.<\/p>\t\t\t\t\t\t\t\t<\/div>\n\t\t\t\t<\/div>\n\t\t\t\t\t<\/div>\n\t\t<\/div>\n\t\t\t\t<div class=\"elementor-column elementor-col-50 elementor-inner-column elementor-element elementor-element-a8a7459\" data-id=\"a8a7459\" data-element_type=\"column\">\n\t\t\t<div class=\"elementor-widget-wrap elementor-element-populated\">\n\t\t\t\t\t\t<div class=\"elementor-element elementor-element-86b08a0 elementor-widget elementor-widget-text-editor\" data-id=\"86b08a0\" data-element_type=\"widget\" data-widget_type=\"text-editor.default\">\n\t\t\t\t<div class=\"elementor-widget-container\">\n\t\t\t\t\t\t\t\t\tHistoria y tecnolog\u00eda, son pues la base y el sost\u00e9n de la industria de transformaci\u00f3n del zinc en el Per\u00fa: materia prima de \u00f3ptima calidad, disponible localmente, proveniente de la segunda industria de exportaci\u00f3n de zinc en el mundo, en un pa\u00eds rico en recursos energ\u00e9ticos.\t\t\t\t\t\t\t\t<\/div>\n\t\t\t\t<\/div>\n\t\t\t\t\t<\/div>\n\t\t<\/div>\n\t\t\t\t\t<\/div>\n\t\t<\/section>\n\t\t\t\t<section class=\"elementor-section elementor-inner-section elementor-element elementor-element-9474229 elementor-section-boxed elementor-section-height-default elementor-section-height-default\" data-id=\"9474229\" data-element_type=\"section\" data-settings=\"{&quot;jet_parallax_layout_list&quot;:[]}\">\n\t\t\t\t\t\t<div class=\"elementor-container elementor-column-gap-extended\">\n\t\t\t\t\t<div class=\"elementor-column elementor-col-100 elementor-inner-column elementor-element elementor-element-84d35e6\" data-id=\"84d35e6\" data-element_type=\"column\">\n\t\t\t<div class=\"elementor-widget-wrap elementor-element-populated\">\n\t\t\t\t\t\t<div class=\"elementor-element elementor-element-cb65ca1 elementor-widget elementor-widget-heading\" data-id=\"cb65ca1\" data-element_type=\"widget\" data-widget_type=\"heading.default\">\n\t\t\t\t<div class=\"elementor-widget-container\">\n\t\t\t\t\t<h2 class=\"elementor-heading-title elementor-size-default\">V\u00cdDEO INSTITUCIONAL<\/h2>\t\t\t\t<\/div>\n\t\t\t\t<\/div>\n\t\t\t\t<div class=\"elementor-element elementor-element-1c78e2a elementor-widget elementor-widget-jet-video\" data-id=\"1c78e2a\" data-element_type=\"widget\" data-widget_type=\"jet-video.default\">\n\t\t\t\t<div class=\"elementor-widget-container\">\n\t\t\t\t\t<div class=\"elementor-jet-video jet-elements\">\n<div class=\"jet-video jet-video--fa5-compat\" data-settings=\"{&quot;lightbox&quot;:false,&quot;autoplay&quot;:false}\"><video class=\"jet-video-player jet-video-html5-player jet-video-custom-play-button\" src=\"https:\/\/www.rozpalsac.com\/ieqsa\/wp-content\/uploads\/2023\/06\/video-insitucional-espaniol.mp4\" controls=\"\" playsinline=\"\" controlsList=\"nodownload\"><\/video>\n<div class=\"jet-video__overlay\">\n<div class=\"jet-video__play-button jet-video__play-button--animation-grow\" role=\"button\" tabindex=\"0\" aria-label=\"Reproducir Video\"><img decoding=\"async\" src=\"https:\/\/www.rozpalsac.com\/ieqsa\/wp-content\/uploads\/2023\/06\/logo-ieqsa-2023-300px.webp\" alt=\"Play Video\" class=\"jet-video__play-button-image\">\t<span class=\"elementor-screen-only\">Play Video<\/span>\n<\/div>\n<\/div>\n<\/div>\n<\/div>\t\t\t\t<\/div>\n\t\t\t\t<\/div>\n\t\t\t\t\t<\/div>\n\t\t<\/div>\n\t\t\t\t\t<\/div>\n\t\t<\/section>\n\t\t\t\t<div class=\"elementor-element elementor-element-e5087e3 elementor-widget elementor-widget-spacer\" data-id=\"e5087e3\" data-element_type=\"widget\" data-widget_type=\"spacer.default\">\n\t\t\t\t<div class=\"elementor-widget-container\">\n\t\t\t\t\t\t\t<div class=\"elementor-spacer\">\n\t\t\t<div class=\"elementor-spacer-inner\"><\/div>\n\t\t<\/div>\n\t\t\t\t\t\t<\/div>\n\t\t\t\t<\/div>\n\t\t\t\t\t<\/div>\n\t\t<\/div>\n\t\t\t\t\t<\/div>\n\t\t<\/section>\n\t\t\t\t<\/div>\n\t\t","protected":false},"excerpt":{"rendered":"<p>NOSOTROS Ubicado junto a la zona portuaria de la ciudad de Lima, capital del Per\u00fa, Industrias Electro-Qu\u00edmicas (IEQSA) es el principal complejo industrial de transformaci\u00f3n del zinc del Per\u00fa y de Sudam\u00e9rica. Sus operaciones abarcan la producci\u00f3n de derivados metal\u00fargicos del zinc tales como aleaciones, zinc laminado (hojas de zinc, tiras, bobinas de zinc y [&hellip;]<\/p>\n","protected":false},"author":1,"featured_media":0,"parent":0,"menu_order":0,"comment_status":"closed","ping_status":"closed","template":"elementor_header_footer","meta":{"footnotes":""},"class_list":["post-8670","page","type-page","status-publish","hentry"],"_links":{"self":[{"href":"https:\/\/www.rozpalsac.com\/ieqsa\/wp-json\/wp\/v2\/pages\/8670","targetHints":{"allow":["GET"]}}],"collection":[{"href":"https:\/\/www.rozpalsac.com\/ieqsa\/wp-json\/wp\/v2\/pages"}],"about":[{"href":"https:\/\/www.rozpalsac.com\/ieqsa\/wp-json\/wp\/v2\/types\/page"}],"author":[{"embeddable":true,"href":"https:\/\/www.rozpalsac.com\/ieqsa\/wp-json\/wp\/v2\/users\/1"}],"replies":[{"embeddable":true,"href":"https:\/\/www.rozpalsac.com\/ieqsa\/wp-json\/wp\/v2\/comments?post=8670"}],"version-history":[{"count":12,"href":"https:\/\/www.rozpalsac.com\/ieqsa\/wp-json\/wp\/v2\/pages\/8670\/revisions"}],"predecessor-version":[{"id":12131,"href":"https:\/\/www.rozpalsac.com\/ieqsa\/wp-json\/wp\/v2\/pages\/8670\/revisions\/12131"}],"wp:attachment":[{"href":"https:\/\/www.rozpalsac.com\/ieqsa\/wp-json\/wp\/v2\/media?parent=8670"}],"curies":[{"name":"wp","href":"https:\/\/api.w.org\/{rel}","templated":true}]}}