{"id":8723,"date":"2023-05-31T19:22:04","date_gmt":"2023-06-01T00:22:04","guid":{"rendered":"https:\/\/www.rozpalsac.com\/ieqsa\/?page_id=8723"},"modified":"2025-03-27T19:22:07","modified_gmt":"2025-03-28T00:22:07","slug":"ueber-uns","status":"publish","type":"page","link":"https:\/\/www.rozpalsac.com\/ieqsa\/de\/ueber-uns\/","title":{"rendered":"\u00dcber uns"},"content":{"rendered":"\t\t<div data-elementor-type=\"wp-page\" data-elementor-id=\"8723\" class=\"elementor elementor-8723\" data-elementor-post-type=\"page\">\n\t\t\t\t\t\t<section class=\"elementor-section elementor-top-section elementor-element elementor-element-954b9b8 elementor-section-full_width elementor-section-height-default elementor-section-height-default\" data-id=\"954b9b8\" data-element_type=\"section\" data-settings=\"{&quot;jet_parallax_layout_list&quot;:[]}\">\n\t\t\t\t\t\t<div class=\"elementor-container elementor-column-gap-no\">\n\t\t\t\t\t<div class=\"elementor-column elementor-col-100 elementor-top-column elementor-element elementor-element-e1a3754\" data-id=\"e1a3754\" data-element_type=\"column\">\n\t\t\t<div class=\"elementor-widget-wrap elementor-element-populated\">\n\t\t\t\t\t\t<section class=\"elementor-section elementor-inner-section elementor-element elementor-element-351bca8 elementor-section-height-min-height elementor-section-boxed elementor-section-height-default\" data-id=\"351bca8\" data-element_type=\"section\" data-settings=\"{&quot;jet_parallax_layout_list&quot;:[],&quot;background_background&quot;:&quot;classic&quot;}\">\n\t\t\t\t\t\t\t<div class=\"elementor-background-overlay\"><\/div>\n\t\t\t\t\t\t\t<div class=\"elementor-container elementor-column-gap-default\">\n\t\t\t\t\t<div class=\"elementor-column elementor-col-100 elementor-inner-column elementor-element elementor-element-8c57a2b\" data-id=\"8c57a2b\" data-element_type=\"column\">\n\t\t\t<div class=\"elementor-widget-wrap elementor-element-populated\">\n\t\t\t\t\t\t<div class=\"elementor-element elementor-element-bb14040 elementor-widget elementor-widget-heading\" data-id=\"bb14040\" data-element_type=\"widget\" data-widget_type=\"heading.default\">\n\t\t\t\t<div class=\"elementor-widget-container\">\n\t\t\t\t\t<h2 class=\"elementor-heading-title elementor-size-default\">\u00dcBER UNS<\/h2>\t\t\t\t<\/div>\n\t\t\t\t<\/div>\n\t\t\t\t<div class=\"elementor-element elementor-element-6e83b4b elementor-widget-divider--view-line elementor-widget elementor-widget-divider\" data-id=\"6e83b4b\" data-element_type=\"widget\" data-widget_type=\"divider.default\">\n\t\t\t\t<div class=\"elementor-widget-container\">\n\t\t\t\t\t\t\t<div class=\"elementor-divider\">\n\t\t\t<span class=\"elementor-divider-separator\">\n\t\t\t\t\t\t<\/span>\n\t\t<\/div>\n\t\t\t\t\t\t<\/div>\n\t\t\t\t<\/div>\n\t\t\t\t\t<\/div>\n\t\t<\/div>\n\t\t\t\t\t<\/div>\n\t\t<\/section>\n\t\t\t\t<section class=\"elementor-section elementor-inner-section elementor-element elementor-element-df9d8c1 elementor-section-boxed elementor-section-height-default elementor-section-height-default\" data-id=\"df9d8c1\" data-element_type=\"section\" data-settings=\"{&quot;jet_parallax_layout_list&quot;:[]}\">\n\t\t\t\t\t\t<div class=\"elementor-container elementor-column-gap-extended\">\n\t\t\t\t\t<div class=\"elementor-column elementor-col-50 elementor-inner-column elementor-element elementor-element-6aca89b\" data-id=\"6aca89b\" data-element_type=\"column\">\n\t\t\t<div class=\"elementor-widget-wrap elementor-element-populated\">\n\t\t\t\t\t\t<div class=\"elementor-element elementor-element-87bc2de elementor-widget elementor-widget-text-editor\" data-id=\"87bc2de\" data-element_type=\"widget\" data-widget_type=\"text-editor.default\">\n\t\t\t\t<div class=\"elementor-widget-container\">\n\t\t\t\t\t\t\t\t\tMit Sitz im Hafengebiet von Lima, der Hauptstadt Perus, ist die Firma Industrias Electroqu\u00edmicas (IEQSA) der gr\u00f6\u00dfte Industriekomplex f\u00fcr Zinkverarbeitung in Peru und S\u00fcdamerika.\t\t\t\t\t\t\t\t<\/div>\n\t\t\t\t<\/div>\n\t\t\t\t\t<\/div>\n\t\t<\/div>\n\t\t\t\t<div class=\"elementor-column elementor-col-50 elementor-inner-column elementor-element elementor-element-19e3e19\" data-id=\"19e3e19\" data-element_type=\"column\">\n\t\t\t<div class=\"elementor-widget-wrap elementor-element-populated\">\n\t\t\t\t\t\t<div class=\"elementor-element elementor-element-9a53a9e elementor-widget elementor-widget-jet-carousel\" data-id=\"9a53a9e\" data-element_type=\"widget\" data-settings=\"{&quot;slides_to_show&quot;:&quot;1&quot;,&quot;slides_to_scroll&quot;:&quot;1&quot;}\" data-widget_type=\"jet-carousel.default\">\n\t\t\t\t<div class=\"elementor-widget-container\">\n\t\t\t\t\t<div class=\"elementor-jet-carousel jet-elements\"><div class=\"jet-carousel-wrap jet-equal-cols\">\n\t<div class=\"jet-carousel\" data-slider_options=\"{&quot;autoplaySpeed&quot;:6000,&quot;autoplay&quot;:true,&quot;infinite&quot;:true,&quot;centerMode&quot;:false,&quot;centerPadding&quot;:&quot;50px&quot;,&quot;pauseOnHover&quot;:false,&quot;speed&quot;:500,&quot;arrows&quot;:true,&quot;dots&quot;:false,&quot;variableWidth&quot;:false,&quot;prevArrow&quot;:&quot;.jet-carousel__prev-arrow-9a53a9e&quot;,&quot;nextArrow&quot;:&quot;.jet-carousel__next-arrow-9a53a9e&quot;,&quot;rtl&quot;:false,&quot;fractionNav&quot;:false,&quot;fade&quot;:false}\" dir=\"ltr\">\n\t<div class=\"elementor-slick-slider\">\n\n<div class=\"jet-carousel__item\">\n\t<div class=\"jet-carousel__item-inner\"><img decoding=\"async\" src=\"https:\/\/www.rozpalsac.com\/ieqsa\/wp-content\/uploads\/2023\/06\/nosotros04-1.webp\" class=\"jet-carousel__item-img\" alt=\"nosotros04-1\" loading=\"lazy\"><div class=\"jet-carousel__content\"><\/div><\/div>\n<\/div>\n\n<div class=\"jet-carousel__item\">\n\t<div class=\"jet-carousel__item-inner\"><img decoding=\"async\" src=\"https:\/\/www.rozpalsac.com\/ieqsa\/wp-content\/uploads\/2023\/06\/nosotros01-1.webp\" class=\"jet-carousel__item-img\" alt=\"nosotros01-1\" loading=\"lazy\"><div class=\"jet-carousel__content\"><\/div><\/div>\n<\/div>\n\n<div class=\"jet-carousel__item\">\n\t<div class=\"jet-carousel__item-inner\"><img decoding=\"async\" src=\"https:\/\/www.rozpalsac.com\/ieqsa\/wp-content\/uploads\/2023\/06\/nosotros03-1.webp\" class=\"jet-carousel__item-img\" alt=\"nosotros03-1\" loading=\"lazy\"><div class=\"jet-carousel__content\"><\/div><\/div>\n<\/div>\n<\/div><div class=\"jet-carousel__prev-arrow-9a53a9e jet-arrow prev-arrow\"><i aria-hidden=\"true\" class=\"fas fa-angle-left\"><\/i><\/div><div class=\"jet-carousel__next-arrow-9a53a9e jet-arrow next-arrow\"><i aria-hidden=\"true\" class=\"fas fa-angle-right\"><\/i><\/div><\/div>\n<\/div>\n<\/div>\t\t\t\t<\/div>\n\t\t\t\t<\/div>\n\t\t\t\t\t<\/div>\n\t\t<\/div>\n\t\t\t\t\t<\/div>\n\t\t<\/section>\n\t\t\t\t<section class=\"elementor-section elementor-inner-section elementor-element elementor-element-ed7b750 elementor-section-boxed elementor-section-height-default elementor-section-height-default\" data-id=\"ed7b750\" data-element_type=\"section\" data-settings=\"{&quot;jet_parallax_layout_list&quot;:[],&quot;background_background&quot;:&quot;classic&quot;}\">\n\t\t\t\t\t\t<div class=\"elementor-container elementor-column-gap-extended\">\n\t\t\t\t\t<div class=\"elementor-column elementor-col-50 elementor-inner-column elementor-element elementor-element-dbfb026\" data-id=\"dbfb026\" data-element_type=\"column\">\n\t\t\t<div class=\"elementor-widget-wrap elementor-element-populated\">\n\t\t\t\t\t\t<div class=\"elementor-element elementor-element-ba459d1 elementor-widget elementor-widget-text-editor\" data-id=\"ba459d1\" data-element_type=\"widget\" data-widget_type=\"text-editor.default\">\n\t\t\t\t<div class=\"elementor-widget-container\">\n\t\t\t\t\t\t\t\t\tDie Firment\u00e4tigkeit umfasst die Herstellung von metallurgischen Zink-Derivaten wie Legierungen, Walzwerkserzeugnisse aus Zink (Folien, B\u00e4nder, Bleche, Coils), Scheiben f\u00fcr Zinkbatterien, Anoden f\u00fcr Galvanisierung (elektrolytische Verzinkung) und die Fabrikation von chemischen Produkten wie Zinkoxyd. Die Exporte gehen in die ganzen Welt. Wir sind kein internationaler Riese der Metallindustrie, sondern ein modernes und leistungsf\u00e4higes Unternehmen, mit der Kraft eines jungen Landes, das eine der \u00e4ltesten Erzverarbeitungstraditionen der Welt besitzt. Wir m\u00fcssen gar nicht gro\u00df sein, um f\u00fcr Sie Gro\u00dfes zu leisten.\t\t\t\t\t\t\t\t<\/div>\n\t\t\t\t<\/div>\n\t\t\t\t\t<\/div>\n\t\t<\/div>\n\t\t\t\t<div class=\"elementor-column elementor-col-50 elementor-inner-column elementor-element elementor-element-6141895\" data-id=\"6141895\" data-element_type=\"column\">\n\t\t\t<div class=\"elementor-widget-wrap elementor-element-populated\">\n\t\t\t\t\t\t<div class=\"elementor-element elementor-element-b4475ab elementor-widget elementor-widget-text-editor\" data-id=\"b4475ab\" data-element_type=\"widget\" data-widget_type=\"text-editor.default\">\n\t\t\t\t<div class=\"elementor-widget-container\">\n\t\t\t\t\t\t\t\t\tWenn Sie mit Zink zu tun haben, wenden Sie sich bitte an uns. Wir verf\u00fcgen \u00fcber eine breite Palette an metallurgischen Derivaten der Walzwerksproduktion und an chemischen Erzeugnissen, die wir Ihnen zur Verf\u00fcgung stellen sowie Dienstleistungen, die Ihnen nur ein Unternehmen unserer Gr\u00f6\u00dfenordnung bieten kann\u2026\t\t\t\t\t\t\t\t<\/div>\n\t\t\t\t<\/div>\n\t\t\t\t<div class=\"elementor-element elementor-element-0014e94 elementor-widget__width-initial elementor-widget elementor-widget-image\" data-id=\"0014e94\" data-element_type=\"widget\" data-widget_type=\"image.default\">\n\t\t\t\t<div class=\"elementor-widget-container\">\n\t\t\t\t\t\t\t\t\t\t\t\t\t\t\t\t<a href=\"https:\/\/www.rozpalsac.com\/ieqsa\/wp-content\/uploads\/2025\/03\/Reporte-de-Sostenibilidad-IEQSA-en.pdf\" target=\"_blank\">\n\t\t\t\t\t\t\t<img fetchpriority=\"high\" decoding=\"async\" width=\"300\" height=\"300\" src=\"https:\/\/www.rozpalsac.com\/ieqsa\/wp-content\/uploads\/2023\/06\/logo-ieqsa-2023-300px.webp\" class=\"attachment-full size-full wp-image-8808\" alt=\"\" srcset=\"https:\/\/www.rozpalsac.com\/ieqsa\/wp-content\/uploads\/2023\/06\/logo-ieqsa-2023-300px.webp 300w, https:\/\/www.rozpalsac.com\/ieqsa\/wp-content\/uploads\/2023\/06\/logo-ieqsa-2023-300px-150x150.webp 150w\" sizes=\"(max-width: 300px) 100vw, 300px\" \/>\t\t\t\t\t\t\t\t<\/a>\n\t\t\t\t\t\t\t\t\t\t\t\t\t\t\t<\/div>\n\t\t\t\t<\/div>\n\t\t\t\t<div class=\"elementor-element elementor-element-fb80e09 elementor-widget__width-initial elementor-widget elementor-widget-heading\" data-id=\"fb80e09\" data-element_type=\"widget\" data-widget_type=\"heading.default\">\n\t\t\t\t<div class=\"elementor-widget-container\">\n\t\t\t\t\t<h2 class=\"elementor-heading-title elementor-size-default\"><a href=\"https:\/\/www.rozpalsac.com\/ieqsa\/wp-content\/uploads\/2025\/03\/Reporte-de-Sostenibilidad-IEQSA-en.pdf\" target=\"_blank\">Nachhaltigkeitsbericht<\/a><\/h2>\t\t\t\t<\/div>\n\t\t\t\t<\/div>\n\t\t\t\t\t<\/div>\n\t\t<\/div>\n\t\t\t\t\t<\/div>\n\t\t<\/section>\n\t\t\t\t<section class=\"elementor-section elementor-inner-section elementor-element elementor-element-b7c88a6 elementor-section-full_width elementor-section-height-default elementor-section-height-default\" data-id=\"b7c88a6\" data-element_type=\"section\" data-settings=\"{&quot;jet_parallax_layout_list&quot;:[],&quot;background_background&quot;:&quot;classic&quot;}\">\n\t\t\t\t\t\t\t<div class=\"elementor-background-overlay\"><\/div>\n\t\t\t\t\t\t\t<div class=\"elementor-container elementor-column-gap-no\">\n\t\t\t\t\t<div class=\"elementor-column elementor-col-100 elementor-inner-column elementor-element elementor-element-bdab8c7\" data-id=\"bdab8c7\" data-element_type=\"column\" data-settings=\"{&quot;background_background&quot;:&quot;classic&quot;}\">\n\t\t\t<div class=\"elementor-widget-wrap elementor-element-populated\">\n\t\t\t\t\t<div class=\"elementor-background-overlay\"><\/div>\n\t\t\t\t\t\t<div class=\"elementor-element elementor-element-7dcaa6e elementor-widget elementor-widget-heading\" data-id=\"7dcaa6e\" data-element_type=\"widget\" data-widget_type=\"heading.default\">\n\t\t\t\t<div class=\"elementor-widget-container\">\n\t\t\t\t\t<h2 class=\"elementor-heading-title elementor-size-default\">PERU: LAND DES ZINKS<\/h2>\t\t\t\t<\/div>\n\t\t\t\t<\/div>\n\t\t\t\t<div class=\"elementor-element elementor-element-85e2c28 elementor-widget elementor-widget-text-editor\" data-id=\"85e2c28\" data-element_type=\"widget\" data-widget_type=\"text-editor.default\">\n\t\t\t\t<div class=\"elementor-widget-container\">\n\t\t\t\t\t\t\t\t\tPeru ist ein Geschenk der Anden. Im Inneren dieses Landes, im zentralen Andengebiet S\u00fcdamerikas, liegt einer der gr\u00f6\u00dften Erzvorr\u00e4te der Erde.\t\t\t\t\t\t\t\t<\/div>\n\t\t\t\t<\/div>\n\t\t\t\t<div class=\"elementor-element elementor-element-333c799 elementor-align-center elementor-widget elementor-widget-button\" data-id=\"333c799\" data-element_type=\"widget\" data-widget_type=\"button.default\">\n\t\t\t\t<div class=\"elementor-widget-container\">\n\t\t\t\t\t\t\t\t\t<div class=\"elementor-button-wrapper\">\n\t\t\t\t\t<a class=\"elementor-button elementor-button-link elementor-size-sm\" href=\"https:\/\/www.rozpalsac.com\/ieqsa\/de\/kontaktieren-sie-uns\/\">\n\t\t\t\t\t\t<span class=\"elementor-button-content-wrapper\">\n\t\t\t\t\t\t\t\t\t<span class=\"elementor-button-text\">KONTAKTIEREN SIE UNS<\/span>\n\t\t\t\t\t<\/span>\n\t\t\t\t\t<\/a>\n\t\t\t\t<\/div>\n\t\t\t\t\t\t\t\t<\/div>\n\t\t\t\t<\/div>\n\t\t\t\t\t<\/div>\n\t\t<\/div>\n\t\t\t\t\t<\/div>\n\t\t<\/section>\n\t\t\t\t<section class=\"elementor-section elementor-inner-section elementor-element elementor-element-3f72991 elementor-section-boxed elementor-section-height-default elementor-section-height-default\" data-id=\"3f72991\" data-element_type=\"section\" data-settings=\"{&quot;jet_parallax_layout_list&quot;:[]}\">\n\t\t\t\t\t\t<div class=\"elementor-container elementor-column-gap-extended\">\n\t\t\t\t\t<div class=\"elementor-column elementor-col-50 elementor-inner-column elementor-element elementor-element-250c865\" data-id=\"250c865\" data-element_type=\"column\">\n\t\t\t<div class=\"elementor-widget-wrap elementor-element-populated\">\n\t\t\t\t\t\t<div class=\"elementor-element elementor-element-7f11c6c elementor-widget elementor-widget-text-editor\" data-id=\"7f11c6c\" data-element_type=\"widget\" data-widget_type=\"text-editor.default\">\n\t\t\t\t<div class=\"elementor-widget-container\">\n\t\t\t\t\t\t\t\t\tDie moderne Raffinieriet\u00e4tigkeit beginnt im Jahre 1922 mit der Inbetriebnahme der Raffinerie La Oroya und wird fortgesetzt in einer zweiten Raffinerie, Cajamarquilla, die im April 1981 eingeweiht wurde. Die Stromerzeugung aus Wasserkraft, ein weiteres Geschenk der Anden, sichert eine internationale wettbewerbsf\u00e4hige Stromversorgung. Seit 2004 die Nutzung des nat\u00fcrliches Gasavorkommens von Camisea, eine die wichtigste von S\u00fcdamerika, begonnen hat, hat IEQSA von Anfang an auf diese neue Energiequelle gesetzt und dabei Kostenverbesserungen erreichen k\u00f6nnen. Neue Er\u00f6ffnungen von Zinkberwerken machen Peru heute zu dem weltweit zweitgr\u00f6\u00dften Zinkexporteur der Welt.\t\t\t\t\t\t\t\t<\/div>\n\t\t\t\t<\/div>\n\t\t\t\t\t<\/div>\n\t\t<\/div>\n\t\t\t\t<div class=\"elementor-column elementor-col-50 elementor-inner-column elementor-element elementor-element-f616835\" data-id=\"f616835\" data-element_type=\"column\">\n\t\t\t<div class=\"elementor-widget-wrap elementor-element-populated\">\n\t\t\t\t\t\t<div class=\"elementor-element elementor-element-8573601 elementor-widget elementor-widget-text-editor\" data-id=\"8573601\" data-element_type=\"widget\" data-widget_type=\"text-editor.default\">\n\t\t\t\t<div class=\"elementor-widget-container\">\n\t\t\t\t\t\t\t\t\tDie geschichtliche Entwicklung und die technische Leistungsf\u00e4higkeit sind Grundlage und St\u00fctze der zinkverarbeitenden Industrie in Peru: Rohstoffe von hoher Qualit\u00e4t, die an Ort und Stelle zur Verf\u00fcgung stehen, in einem energiereichem Land.\t\t\t\t\t\t\t\t<\/div>\n\t\t\t\t<\/div>\n\t\t\t\t\t<\/div>\n\t\t<\/div>\n\t\t\t\t\t<\/div>\n\t\t<\/section>\n\t\t\t\t<section class=\"elementor-section elementor-inner-section elementor-element elementor-element-80140de elementor-section-boxed elementor-section-height-default elementor-section-height-default\" data-id=\"80140de\" data-element_type=\"section\" data-settings=\"{&quot;jet_parallax_layout_list&quot;:[]}\">\n\t\t\t\t\t\t<div class=\"elementor-container elementor-column-gap-extended\">\n\t\t\t\t\t<div class=\"elementor-column elementor-col-100 elementor-inner-column elementor-element elementor-element-da2ac3b\" data-id=\"da2ac3b\" data-element_type=\"column\">\n\t\t\t<div class=\"elementor-widget-wrap elementor-element-populated\">\n\t\t\t\t\t\t<div class=\"elementor-element elementor-element-1a2e9c8 elementor-widget elementor-widget-heading\" data-id=\"1a2e9c8\" data-element_type=\"widget\" data-widget_type=\"heading.default\">\n\t\t\t\t<div class=\"elementor-widget-container\">\n\t\t\t\t\t<h2 class=\"elementor-heading-title elementor-size-default\">INSTITUTIONELLES VIDEO<\/h2>\t\t\t\t<\/div>\n\t\t\t\t<\/div>\n\t\t\t\t<div class=\"elementor-element elementor-element-41a2b10 elementor-widget elementor-widget-jet-video\" data-id=\"41a2b10\" data-element_type=\"widget\" data-widget_type=\"jet-video.default\">\n\t\t\t\t<div class=\"elementor-widget-container\">\n\t\t\t\t\t<div class=\"elementor-jet-video jet-elements\">\n<div class=\"jet-video jet-video--fa5-compat\" data-settings=\"{&quot;lightbox&quot;:false,&quot;autoplay&quot;:false}\"><video class=\"jet-video-player jet-video-html5-player jet-video-custom-play-button\" src=\"https:\/\/www.rozpalsac.com\/ieqsa\/wp-content\/uploads\/2023\/06\/video-insitucional-ingles.mp4\" controls=\"\" playsinline=\"\" controlsList=\"nodownload\"><\/video>\n<div class=\"jet-video__overlay\">\n<div class=\"jet-video__play-button jet-video__play-button--animation-grow\" role=\"button\" tabindex=\"0\" aria-label=\"Reproducir Video\"><img decoding=\"async\" src=\"https:\/\/www.rozpalsac.com\/ieqsa\/wp-content\/uploads\/2023\/06\/logo-ieqsa-2023-300px.webp\" alt=\"Play Video\" class=\"jet-video__play-button-image\">\t<span class=\"elementor-screen-only\">Play Video<\/span>\n<\/div>\n<\/div>\n<\/div>\n<\/div>\t\t\t\t<\/div>\n\t\t\t\t<\/div>\n\t\t\t\t\t<\/div>\n\t\t<\/div>\n\t\t\t\t\t<\/div>\n\t\t<\/section>\n\t\t\t\t<div class=\"elementor-element elementor-element-25f632f elementor-widget elementor-widget-spacer\" data-id=\"25f632f\" data-element_type=\"widget\" data-widget_type=\"spacer.default\">\n\t\t\t\t<div class=\"elementor-widget-container\">\n\t\t\t\t\t\t\t<div class=\"elementor-spacer\">\n\t\t\t<div class=\"elementor-spacer-inner\"><\/div>\n\t\t<\/div>\n\t\t\t\t\t\t<\/div>\n\t\t\t\t<\/div>\n\t\t\t\t\t<\/div>\n\t\t<\/div>\n\t\t\t\t\t<\/div>\n\t\t<\/section>\n\t\t\t\t<\/div>\n\t\t","protected":false},"excerpt":{"rendered":"<p>\u00dcBER UNS Mit Sitz im Hafengebiet von Lima, der Hauptstadt Perus, ist die Firma Industrias Electroqu\u00edmicas (IEQSA) der gr\u00f6\u00dfte Industriekomplex f\u00fcr Zinkverarbeitung in Peru und S\u00fcdamerika. Die Firment\u00e4tigkeit umfasst die Herstellung von metallurgischen Zink-Derivaten wie Legierungen, Walzwerkserzeugnisse aus Zink (Folien, B\u00e4nder, Bleche, Coils), Scheiben f\u00fcr Zinkbatterien, Anoden f\u00fcr Galvanisierung (elektrolytische Verzinkung) und die Fabrikation von [&hellip;]<\/p>\n","protected":false},"author":1,"featured_media":0,"parent":0,"menu_order":0,"comment_status":"closed","ping_status":"closed","template":"elementor_header_footer","meta":{"footnotes":""},"class_list":["post-8723","page","type-page","status-publish","hentry"],"_links":{"self":[{"href":"https:\/\/www.rozpalsac.com\/ieqsa\/wp-json\/wp\/v2\/pages\/8723","targetHints":{"allow":["GET"]}}],"collection":[{"href":"https:\/\/www.rozpalsac.com\/ieqsa\/wp-json\/wp\/v2\/pages"}],"about":[{"href":"https:\/\/www.rozpalsac.com\/ieqsa\/wp-json\/wp\/v2\/types\/page"}],"author":[{"embeddable":true,"href":"https:\/\/www.rozpalsac.com\/ieqsa\/wp-json\/wp\/v2\/users\/1"}],"replies":[{"embeddable":true,"href":"https:\/\/www.rozpalsac.com\/ieqsa\/wp-json\/wp\/v2\/comments?post=8723"}],"version-history":[{"count":12,"href":"https:\/\/www.rozpalsac.com\/ieqsa\/wp-json\/wp\/v2\/pages\/8723\/revisions"}],"predecessor-version":[{"id":12151,"href":"https:\/\/www.rozpalsac.com\/ieqsa\/wp-json\/wp\/v2\/pages\/8723\/revisions\/12151"}],"wp:attachment":[{"href":"https:\/\/www.rozpalsac.com\/ieqsa\/wp-json\/wp\/v2\/media?parent=8723"}],"curies":[{"name":"wp","href":"https:\/\/api.w.org\/{rel}","templated":true}]}}