{"id":8725,"date":"2023-05-31T19:23:09","date_gmt":"2023-06-01T00:23:09","guid":{"rendered":"https:\/\/www.rozpalsac.com\/ieqsa\/?page_id=8725"},"modified":"2024-08-02T18:01:08","modified_gmt":"2024-08-02T23:01:08","slug":"zertifikate","status":"publish","type":"page","link":"https:\/\/www.rozpalsac.com\/ieqsa\/de\/zertifikate\/","title":{"rendered":"Zertifikate"},"content":{"rendered":"\t\t<div data-elementor-type=\"wp-page\" data-elementor-id=\"8725\" class=\"elementor elementor-8725\" data-elementor-post-type=\"page\">\n\t\t\t\t\t\t<section class=\"elementor-section elementor-top-section elementor-element elementor-element-6f4ff1c elementor-section-full_width elementor-section-height-default elementor-section-height-default\" data-id=\"6f4ff1c\" data-element_type=\"section\" data-settings=\"{&quot;jet_parallax_layout_list&quot;:[]}\">\n\t\t\t\t\t\t<div class=\"elementor-container elementor-column-gap-no\">\n\t\t\t\t\t<div class=\"elementor-column elementor-col-100 elementor-top-column elementor-element elementor-element-e8f7e0b\" data-id=\"e8f7e0b\" data-element_type=\"column\">\n\t\t\t<div class=\"elementor-widget-wrap elementor-element-populated\">\n\t\t\t\t\t\t<section class=\"elementor-section elementor-inner-section elementor-element elementor-element-1b68213 elementor-section-height-min-height elementor-section-boxed elementor-section-height-default\" data-id=\"1b68213\" data-element_type=\"section\" data-settings=\"{&quot;jet_parallax_layout_list&quot;:[],&quot;background_background&quot;:&quot;classic&quot;}\">\n\t\t\t\t\t\t\t<div class=\"elementor-background-overlay\"><\/div>\n\t\t\t\t\t\t\t<div class=\"elementor-container elementor-column-gap-default\">\n\t\t\t\t\t<div class=\"elementor-column elementor-col-100 elementor-inner-column elementor-element elementor-element-484c4b7\" data-id=\"484c4b7\" data-element_type=\"column\">\n\t\t\t<div class=\"elementor-widget-wrap elementor-element-populated\">\n\t\t\t\t\t\t<div class=\"elementor-element elementor-element-8a4379b elementor-widget elementor-widget-heading\" data-id=\"8a4379b\" data-element_type=\"widget\" data-widget_type=\"heading.default\">\n\t\t\t\t<div class=\"elementor-widget-container\">\n\t\t\t\t\t<h2 class=\"elementor-heading-title elementor-size-default\">ZERTIFIKATE<\/h2>\t\t\t\t<\/div>\n\t\t\t\t<\/div>\n\t\t\t\t<div class=\"elementor-element elementor-element-01c64d8 elementor-widget-divider--view-line elementor-widget elementor-widget-divider\" data-id=\"01c64d8\" data-element_type=\"widget\" data-widget_type=\"divider.default\">\n\t\t\t\t<div class=\"elementor-widget-container\">\n\t\t\t\t\t\t\t<div class=\"elementor-divider\">\n\t\t\t<span class=\"elementor-divider-separator\">\n\t\t\t\t\t\t<\/span>\n\t\t<\/div>\n\t\t\t\t\t\t<\/div>\n\t\t\t\t<\/div>\n\t\t\t\t\t<\/div>\n\t\t<\/div>\n\t\t\t\t\t<\/div>\n\t\t<\/section>\n\t\t\t\t<section class=\"elementor-section elementor-inner-section elementor-element elementor-element-570e61b elementor-section-boxed elementor-section-height-default elementor-section-height-default\" data-id=\"570e61b\" data-element_type=\"section\" data-settings=\"{&quot;jet_parallax_layout_list&quot;:[]}\">\n\t\t\t\t\t\t<div class=\"elementor-container elementor-column-gap-extended\">\n\t\t\t\t\t<div class=\"elementor-column elementor-col-50 elementor-inner-column elementor-element elementor-element-5f0e758\" data-id=\"5f0e758\" data-element_type=\"column\">\n\t\t\t<div class=\"elementor-widget-wrap elementor-element-populated\">\n\t\t\t\t\t\t<div class=\"elementor-element elementor-element-c4b24d3 elementor-widget elementor-widget-jet-images-layout\" data-id=\"c4b24d3\" data-element_type=\"widget\" data-settings=\"{&quot;columns&quot;:&quot;2&quot;}\" data-widget_type=\"jet-images-layout.default\">\n\t\t\t\t<div class=\"elementor-widget-container\">\n\t\t\t\t\t<div class=\"elementor-jet-images-layout jet-elements\">\n<div class=\"jet-images-layout layout-type-masonry\" data-settings='{&quot;layoutType&quot;:&quot;masonry&quot;,&quot;justifyHeight&quot;:300}'>\n\t<div class=\"jet-images-layout__list salvattore column-desktop-2 column-tablet-2 column-mobile-1\" data-columns>\n<div class=\"jet-images-layout__item \">\n\t<div class=\"jet-images-layout__inner\">\n\t\t<div class=\"jet-images-layout__image-loader\"><span><\/span><\/div>\n\t\t<a class=\"jet-images-layout__link \" href=\"https:\/\/www.rozpalsac.com\/ieqsa\/wp-content\/uploads\/2023\/06\/certicado01-1.webp\" data-elementor-open-lightbox=\"yes\" data-elementor-lightbox-slideshow=\"c4b24d3\">\n\t\t\t<div class=\"jet-images-layout__image\">\n\t\t\t\t<img decoding=\"async\" class=\"jet-images-layout__image-instance\" src=\"https:\/\/www.rozpalsac.com\/ieqsa\/wp-content\/uploads\/2023\/06\/certicado01-1.webp\" alt=\"certicado01-1\" loading=\"lazy\">\t\t\t<\/div>\n\t\t\t<div class=\"jet-images-layout__content\"><div class=\"jet-images-layout__icon\"><div class=\"jet-images-layout-icon-inner\"><i aria-hidden=\"true\" class=\"fas fa-search-plus\"><\/i><\/div><\/div><\/div>\n\t\t<\/a>\n\t<\/div>\n<\/div>\n<div class=\"jet-images-layout__item \">\n\t<div class=\"jet-images-layout__inner\">\n\t\t<div class=\"jet-images-layout__image-loader\"><span><\/span><\/div>\n\t\t<a class=\"jet-images-layout__link \" href=\"https:\/\/www.rozpalsac.com\/ieqsa\/wp-content\/uploads\/2023\/06\/certicado02-1.webp\" data-elementor-open-lightbox=\"yes\" data-elementor-lightbox-slideshow=\"c4b24d3\">\n\t\t\t<div class=\"jet-images-layout__image\">\n\t\t\t\t<img decoding=\"async\" class=\"jet-images-layout__image-instance\" src=\"https:\/\/www.rozpalsac.com\/ieqsa\/wp-content\/uploads\/2023\/06\/certicado02-1.webp\" alt=\"certicado02-1\" loading=\"lazy\">\t\t\t<\/div>\n\t\t\t<div class=\"jet-images-layout__content\"><div class=\"jet-images-layout__icon\"><div class=\"jet-images-layout-icon-inner\"><i aria-hidden=\"true\" class=\"fas fa-search-plus\"><\/i><\/div><\/div><\/div>\n\t\t<\/a>\n\t<\/div>\n<\/div>\n<div class=\"jet-images-layout__item \">\n\t<div class=\"jet-images-layout__inner\">\n\t\t<div class=\"jet-images-layout__image-loader\"><span><\/span><\/div>\n\t\t<a class=\"jet-images-layout__link \" href=\"https:\/\/www.rozpalsac.com\/ieqsa\/wp-content\/uploads\/2023\/06\/certicado03-1.webp\" data-elementor-open-lightbox=\"yes\" data-elementor-lightbox-slideshow=\"c4b24d3\">\n\t\t\t<div class=\"jet-images-layout__image\">\n\t\t\t\t<img decoding=\"async\" class=\"jet-images-layout__image-instance\" src=\"https:\/\/www.rozpalsac.com\/ieqsa\/wp-content\/uploads\/2023\/06\/certicado03-1.webp\" alt=\"certicado03-1\" loading=\"lazy\">\t\t\t<\/div>\n\t\t\t<div class=\"jet-images-layout__content\"><div class=\"jet-images-layout__icon\"><div class=\"jet-images-layout-icon-inner\"><i aria-hidden=\"true\" class=\"fas fa-search-plus\"><\/i><\/div><\/div><\/div>\n\t\t<\/a>\n\t<\/div>\n<\/div>\n<div class=\"jet-images-layout__item \">\n\t<div class=\"jet-images-layout__inner\">\n\t\t<div class=\"jet-images-layout__image-loader\"><span><\/span><\/div>\n\t\t<a class=\"jet-images-layout__link \" href=\"https:\/\/www.rozpalsac.com\/ieqsa\/wp-content\/uploads\/2023\/06\/certicado04-1.webp\" data-elementor-open-lightbox=\"yes\" data-elementor-lightbox-slideshow=\"c4b24d3\">\n\t\t\t<div class=\"jet-images-layout__image\">\n\t\t\t\t<img decoding=\"async\" class=\"jet-images-layout__image-instance\" src=\"https:\/\/www.rozpalsac.com\/ieqsa\/wp-content\/uploads\/2023\/06\/certicado04-1.webp\" alt=\"certicado04-1\" loading=\"lazy\">\t\t\t<\/div>\n\t\t\t<div class=\"jet-images-layout__content\"><div class=\"jet-images-layout__icon\"><div class=\"jet-images-layout-icon-inner\"><i aria-hidden=\"true\" class=\"fas fa-search-plus\"><\/i><\/div><\/div><\/div>\n\t\t<\/a>\n\t<\/div>\n<\/div>\n<\/div><\/div>\n<\/div>\t\t\t\t<\/div>\n\t\t\t\t<\/div>\n\t\t\t\t\t<\/div>\n\t\t<\/div>\n\t\t\t\t<div class=\"elementor-column elementor-col-50 elementor-inner-column elementor-element elementor-element-16dfd68\" data-id=\"16dfd68\" data-element_type=\"column\">\n\t\t\t<div class=\"elementor-widget-wrap elementor-element-populated\">\n\t\t\t\t\t\t<div class=\"elementor-element elementor-element-8bb6599 elementor-widget elementor-widget-text-editor\" data-id=\"8bb6599\" data-element_type=\"widget\" data-widget_type=\"text-editor.default\">\n\t\t\t\t<div class=\"elementor-widget-container\">\n\t\t\t\t\t\t\t\t\tQualit\u00e4tskontrolle gem\u00e4\u00df ISO Kriterien sind immer unsere fortdauernde \u00dcberzeugung gewessen. Kontrolle unserer Zink und unserer Produktionsmaterialien; Kontrolle unsere industrielle Proze\u00dfe; Kontrolle unsere Fertigprodukte Alles durchgef\u00fchrt nach standardisierten Proze\u00dfen, mit Nachverfolgbarkeit die uns erlaubt alle die kontrollierte Variablen bis an ihren Ursprung aufzusp\u00fcren.\n\t\t\t\t\t\t\t\t<\/div>\n\t\t\t\t<\/div>\n\t\t\t\t\t<\/div>\n\t\t<\/div>\n\t\t\t\t\t<\/div>\n\t\t<\/section>\n\t\t\t\t<section class=\"elementor-section elementor-inner-section elementor-element elementor-element-f1e702a elementor-section-boxed elementor-section-height-default elementor-section-height-default\" data-id=\"f1e702a\" data-element_type=\"section\" data-settings=\"{&quot;jet_parallax_layout_list&quot;:[],&quot;background_background&quot;:&quot;classic&quot;}\">\n\t\t\t\t\t\t\t<div class=\"elementor-background-overlay\"><\/div>\n\t\t\t\t\t\t\t<div class=\"elementor-container elementor-column-gap-extended\">\n\t\t\t\t\t<div class=\"elementor-column elementor-col-100 elementor-inner-column elementor-element elementor-element-b210257\" data-id=\"b210257\" data-element_type=\"column\">\n\t\t\t<div class=\"elementor-widget-wrap elementor-element-populated\">\n\t\t\t\t\t\t<div class=\"elementor-element elementor-element-71c8066 elementor-widget elementor-widget-text-editor\" data-id=\"71c8066\" data-element_type=\"widget\" data-widget_type=\"text-editor.default\">\n\t\t\t\t<div class=\"elementor-widget-container\">\n\t\t\t\t\t\t\t\t\tIEQSA verf\u00fcgt \u00fcber ein modernes Labor um unsere Produktions und Qualit\u00e4tskontrollet\u00e4tigkeiten zu unterst\u00fctzen. Wir f\u00fchren chemische Analyse wie die internaitonal annerkannten Methoden der atomaren Emission sowie der atomaren Aufnahme durch. . Wir haben eigene Anlagen f\u00fcr die Messungen der spezifischen Oberfl\u00e4che unseres Zinkoxyds. Wir z\u00e4hlen mit einem gut entwickelten Labor f\u00fcr metallurgiesche Proben unsere gewalzte Produkte, dass die Messungen folgender Eigenschaften erlaubt Zugfestigkeit, Bruchdehnung, Elastizit\u00e4tsgrenze, Zeitstandversuch und Biege-Eigenchaften.\n\t\t\t\t\t\t\t\t<\/div>\n\t\t\t\t<\/div>\n\t\t\t\t<div class=\"elementor-element elementor-element-3ee1bdf elementor-widget elementor-widget-text-editor\" data-id=\"3ee1bdf\" data-element_type=\"widget\" data-widget_type=\"text-editor.default\">\n\t\t\t\t<div class=\"elementor-widget-container\">\n\t\t\t\t\t\t\t\t\t<p>Kurz gesagt: IEQSA besitzt die n\u00f6tige technische Auststattung an Analysetechnik, um glaubw\u00fcrdig die Erf\u00fcllung die technische Normen und Anspr\u00fcche unserer Kunden zu erf\u00fcllen.<\/p><p><strong>Wir freuen uns auf Ihre Fragen und Anliegen.<br \/><\/strong><\/p>\t\t\t\t\t\t\t\t<\/div>\n\t\t\t\t<\/div>\n\t\t\t\t\t<\/div>\n\t\t<\/div>\n\t\t\t\t\t<\/div>\n\t\t<\/section>\n\t\t\t\t<section class=\"elementor-section elementor-inner-section elementor-element elementor-element-8363d59 elementor-section-boxed elementor-section-height-default elementor-section-height-default\" data-id=\"8363d59\" data-element_type=\"section\" data-settings=\"{&quot;jet_parallax_layout_list&quot;:[]}\">\n\t\t\t\t\t\t<div class=\"elementor-container elementor-column-gap-extended\">\n\t\t\t\t\t<div class=\"elementor-column elementor-col-100 elementor-inner-column elementor-element elementor-element-8575da7\" data-id=\"8575da7\" data-element_type=\"column\">\n\t\t\t<div class=\"elementor-widget-wrap elementor-element-populated\">\n\t\t\t\t\t\t<div class=\"elementor-element elementor-element-1301622 elementor-widget elementor-widget-heading\" data-id=\"1301622\" data-element_type=\"widget\" data-widget_type=\"heading.default\">\n\t\t\t\t<div class=\"elementor-widget-container\">\n\t\t\t\t\t<h2 class=\"elementor-heading-title elementor-size-default\">UNSERE ZERTIFIKATE<\/h2>\t\t\t\t<\/div>\n\t\t\t\t<\/div>\n\t\t\t\t\t<\/div>\n\t\t<\/div>\n\t\t\t\t\t<\/div>\n\t\t<\/section>\n\t\t\t\t<section class=\"elementor-section elementor-inner-section elementor-element elementor-element-a495446 elementor-section-boxed elementor-section-height-default elementor-section-height-default\" data-id=\"a495446\" data-element_type=\"section\" data-settings=\"{&quot;jet_parallax_layout_list&quot;:[]}\">\n\t\t\t\t\t\t<div class=\"elementor-container elementor-column-gap-extended\">\n\t\t\t\t\t<div class=\"elementor-column elementor-col-20 elementor-inner-column elementor-element elementor-element-4daf67f\" data-id=\"4daf67f\" data-element_type=\"column\">\n\t\t\t<div class=\"elementor-widget-wrap\">\n\t\t\t\t\t\t\t<\/div>\n\t\t<\/div>\n\t\t\t\t<div class=\"elementor-column elementor-col-20 elementor-inner-column elementor-element elementor-element-4b3bd14\" data-id=\"4b3bd14\" data-element_type=\"column\">\n\t\t\t<div class=\"elementor-widget-wrap elementor-element-populated\">\n\t\t\t\t\t\t<div class=\"elementor-element elementor-element-fb3829f elementor-widget elementor-widget-image\" data-id=\"fb3829f\" data-element_type=\"widget\" data-widget_type=\"image.default\">\n\t\t\t\t<div class=\"elementor-widget-container\">\n\t\t\t\t\t\t\t\t\t\t\t\t<figure class=\"wp-caption\">\n\t\t\t\t\t\t\t\t\t\t\t<a href=\"https:\/\/www.rozpalsac.com\/ieqsa\/wp-content\/uploads\/2023\/06\/certificado-iso-9001-2015-ieqsa-ingles-.pdf\" target=\"_blank\">\n\t\t\t\t\t\t\t<img fetchpriority=\"high\" decoding=\"async\" width=\"700\" height=\"800\" src=\"https:\/\/www.rozpalsac.com\/ieqsa\/wp-content\/uploads\/2023\/06\/certificado-bureau-veritas.webp\" class=\"elementor-animation-float attachment-large size-large wp-image-9219\" alt=\"\" srcset=\"https:\/\/www.rozpalsac.com\/ieqsa\/wp-content\/uploads\/2023\/06\/certificado-bureau-veritas.webp 700w, https:\/\/www.rozpalsac.com\/ieqsa\/wp-content\/uploads\/2023\/06\/certificado-bureau-veritas-263x300.webp 263w\" sizes=\"(max-width: 700px) 100vw, 700px\" \/>\t\t\t\t\t\t\t\t<\/a>\n\t\t\t\t\t\t\t\t\t\t\t<figcaption class=\"widget-image-caption wp-caption-text\">Zertifikat<br>ISO 9001<\/figcaption>\n\t\t\t\t\t\t\t\t\t\t<\/figure>\n\t\t\t\t\t\t\t\t\t<\/div>\n\t\t\t\t<\/div>\n\t\t\t\t\t<\/div>\n\t\t<\/div>\n\t\t\t\t<div class=\"elementor-column elementor-col-20 elementor-inner-column elementor-element elementor-element-433cdfe\" data-id=\"433cdfe\" data-element_type=\"column\">\n\t\t\t<div class=\"elementor-widget-wrap elementor-element-populated\">\n\t\t\t\t\t\t<div class=\"elementor-element elementor-element-0cc2116 elementor-widget elementor-widget-image\" data-id=\"0cc2116\" data-element_type=\"widget\" data-widget_type=\"image.default\">\n\t\t\t\t<div class=\"elementor-widget-container\">\n\t\t\t\t\t\t\t\t\t\t\t\t<figure class=\"wp-caption\">\n\t\t\t\t\t\t\t\t\t\t\t<a href=\"https:\/\/www.rozpalsac.com\/ieqsa\/wp-content\/uploads\/2023\/06\/certificado-iso-14001-2015-ieqsa-ingles.pdf\" target=\"_blank\">\n\t\t\t\t\t\t\t<img fetchpriority=\"high\" decoding=\"async\" width=\"700\" height=\"800\" src=\"https:\/\/www.rozpalsac.com\/ieqsa\/wp-content\/uploads\/2023\/06\/certificado-bureau-veritas.webp\" class=\"elementor-animation-float attachment-large size-large wp-image-9219\" alt=\"\" srcset=\"https:\/\/www.rozpalsac.com\/ieqsa\/wp-content\/uploads\/2023\/06\/certificado-bureau-veritas.webp 700w, https:\/\/www.rozpalsac.com\/ieqsa\/wp-content\/uploads\/2023\/06\/certificado-bureau-veritas-263x300.webp 263w\" sizes=\"(max-width: 700px) 100vw, 700px\" \/>\t\t\t\t\t\t\t\t<\/a>\n\t\t\t\t\t\t\t\t\t\t\t<figcaption class=\"widget-image-caption wp-caption-text\">Zertifikat<br>ISO 14001<\/figcaption>\n\t\t\t\t\t\t\t\t\t\t<\/figure>\n\t\t\t\t\t\t\t\t\t<\/div>\n\t\t\t\t<\/div>\n\t\t\t\t\t<\/div>\n\t\t<\/div>\n\t\t\t\t<div class=\"elementor-column elementor-col-20 elementor-inner-column elementor-element elementor-element-f526afc\" data-id=\"f526afc\" data-element_type=\"column\">\n\t\t\t<div class=\"elementor-widget-wrap elementor-element-populated\">\n\t\t\t\t\t\t<div class=\"elementor-element elementor-element-2df9aeb elementor-widget elementor-widget-image\" data-id=\"2df9aeb\" data-element_type=\"widget\" data-widget_type=\"image.default\">\n\t\t\t\t<div class=\"elementor-widget-container\">\n\t\t\t\t\t\t\t\t\t\t\t\t<figure class=\"wp-caption\">\n\t\t\t\t\t\t\t\t\t\t\t<a href=\"https:\/\/www.rozpalsac.com\/ieqsa\/wp-content\/uploads\/2024\/05\/diploma-N3-HCPeru-IEQSA.pdf\" target=\"_blank\">\n\t\t\t\t\t\t\t<img decoding=\"async\" width=\"700\" height=\"800\" src=\"https:\/\/www.rozpalsac.com\/ieqsa\/wp-content\/uploads\/2023\/06\/certificado-bureau-huella-carbono-peru.webp\" class=\"elementor-animation-float attachment-large size-large wp-image-9221\" alt=\"\" srcset=\"https:\/\/www.rozpalsac.com\/ieqsa\/wp-content\/uploads\/2023\/06\/certificado-bureau-huella-carbono-peru.webp 700w, https:\/\/www.rozpalsac.com\/ieqsa\/wp-content\/uploads\/2023\/06\/certificado-bureau-huella-carbono-peru-263x300.webp 263w\" sizes=\"(max-width: 700px) 100vw, 700px\" \/>\t\t\t\t\t\t\t\t<\/a>\n\t\t\t\t\t\t\t\t\t\t\t<figcaption class=\"widget-image-caption wp-caption-text\">CO2<br>Fussabdruck<\/figcaption>\n\t\t\t\t\t\t\t\t\t\t<\/figure>\n\t\t\t\t\t\t\t\t\t<\/div>\n\t\t\t\t<\/div>\n\t\t\t\t\t<\/div>\n\t\t<\/div>\n\t\t\t\t<div class=\"elementor-column elementor-col-20 elementor-inner-column elementor-element elementor-element-987d308\" data-id=\"987d308\" data-element_type=\"column\">\n\t\t\t<div class=\"elementor-widget-wrap\">\n\t\t\t\t\t\t\t<\/div>\n\t\t<\/div>\n\t\t\t\t\t<\/div>\n\t\t<\/section>\n\t\t\t\t<div class=\"elementor-element elementor-element-7865df9 elementor-widget elementor-widget-spacer\" data-id=\"7865df9\" data-element_type=\"widget\" data-widget_type=\"spacer.default\">\n\t\t\t\t<div class=\"elementor-widget-container\">\n\t\t\t\t\t\t\t<div class=\"elementor-spacer\">\n\t\t\t<div class=\"elementor-spacer-inner\"><\/div>\n\t\t<\/div>\n\t\t\t\t\t\t<\/div>\n\t\t\t\t<\/div>\n\t\t\t\t\t<\/div>\n\t\t<\/div>\n\t\t\t\t\t<\/div>\n\t\t<\/section>\n\t\t\t\t<\/div>\n\t\t","protected":false},"excerpt":{"rendered":"<p>ZERTIFIKATE Qualit\u00e4tskontrolle gem\u00e4\u00df ISO Kriterien sind immer unsere fortdauernde \u00dcberzeugung gewessen. Kontrolle unserer Zink und unserer Produktionsmaterialien; Kontrolle unsere industrielle Proze\u00dfe; Kontrolle unsere Fertigprodukte Alles durchgef\u00fchrt nach standardisierten Proze\u00dfen, mit Nachverfolgbarkeit die uns erlaubt alle die kontrollierte Variablen bis an ihren Ursprung aufzusp\u00fcren. IEQSA verf\u00fcgt \u00fcber ein modernes Labor um unsere Produktions und Qualit\u00e4tskontrollet\u00e4tigkeiten zu [&hellip;]<\/p>\n","protected":false},"author":1,"featured_media":0,"parent":0,"menu_order":0,"comment_status":"closed","ping_status":"closed","template":"elementor_header_footer","meta":{"footnotes":""},"class_list":["post-8725","page","type-page","status-publish","hentry"],"_links":{"self":[{"href":"https:\/\/www.rozpalsac.com\/ieqsa\/wp-json\/wp\/v2\/pages\/8725","targetHints":{"allow":["GET"]}}],"collection":[{"href":"https:\/\/www.rozpalsac.com\/ieqsa\/wp-json\/wp\/v2\/pages"}],"about":[{"href":"https:\/\/www.rozpalsac.com\/ieqsa\/wp-json\/wp\/v2\/types\/page"}],"author":[{"embeddable":true,"href":"https:\/\/www.rozpalsac.com\/ieqsa\/wp-json\/wp\/v2\/users\/1"}],"replies":[{"embeddable":true,"href":"https:\/\/www.rozpalsac.com\/ieqsa\/wp-json\/wp\/v2\/comments?post=8725"}],"version-history":[{"count":18,"href":"https:\/\/www.rozpalsac.com\/ieqsa\/wp-json\/wp\/v2\/pages\/8725\/revisions"}],"predecessor-version":[{"id":12124,"href":"https:\/\/www.rozpalsac.com\/ieqsa\/wp-json\/wp\/v2\/pages\/8725\/revisions\/12124"}],"wp:attachment":[{"href":"https:\/\/www.rozpalsac.com\/ieqsa\/wp-json\/wp\/v2\/media?parent=8725"}],"curies":[{"name":"wp","href":"https:\/\/api.w.org\/{rel}","templated":true}]}}