{"id":8750,"date":"2023-05-31T19:30:56","date_gmt":"2023-06-01T00:30:56","guid":{"rendered":"https:\/\/www.rozpalsac.com\/ieqsa\/?page_id=8750"},"modified":"2025-03-27T19:20:27","modified_gmt":"2025-03-28T00:20:27","slug":"notre-entreprise","status":"publish","type":"page","link":"https:\/\/www.rozpalsac.com\/ieqsa\/fr\/notre-entreprise\/","title":{"rendered":"Notre Entreprise"},"content":{"rendered":"\t\t<div data-elementor-type=\"wp-page\" data-elementor-id=\"8750\" class=\"elementor elementor-8750\" data-elementor-post-type=\"page\">\n\t\t\t\t\t\t<section class=\"elementor-section elementor-top-section elementor-element elementor-element-4149d27 elementor-section-full_width elementor-section-height-default elementor-section-height-default\" data-id=\"4149d27\" data-element_type=\"section\" data-settings=\"{&quot;jet_parallax_layout_list&quot;:[]}\">\n\t\t\t\t\t\t<div class=\"elementor-container elementor-column-gap-no\">\n\t\t\t\t\t<div class=\"elementor-column elementor-col-100 elementor-top-column elementor-element elementor-element-59af35e\" data-id=\"59af35e\" data-element_type=\"column\">\n\t\t\t<div class=\"elementor-widget-wrap elementor-element-populated\">\n\t\t\t\t\t\t<section class=\"elementor-section elementor-inner-section elementor-element elementor-element-1bea340 elementor-section-height-min-height elementor-section-boxed elementor-section-height-default\" data-id=\"1bea340\" data-element_type=\"section\" data-settings=\"{&quot;jet_parallax_layout_list&quot;:[],&quot;background_background&quot;:&quot;classic&quot;}\">\n\t\t\t\t\t\t\t<div class=\"elementor-background-overlay\"><\/div>\n\t\t\t\t\t\t\t<div class=\"elementor-container elementor-column-gap-default\">\n\t\t\t\t\t<div class=\"elementor-column elementor-col-100 elementor-inner-column elementor-element elementor-element-3282bee\" data-id=\"3282bee\" data-element_type=\"column\">\n\t\t\t<div class=\"elementor-widget-wrap elementor-element-populated\">\n\t\t\t\t\t\t<div class=\"elementor-element elementor-element-edac9f8 elementor-widget elementor-widget-heading\" data-id=\"edac9f8\" data-element_type=\"widget\" data-widget_type=\"heading.default\">\n\t\t\t\t<div class=\"elementor-widget-container\">\n\t\t\t\t\t<h2 class=\"elementor-heading-title elementor-size-default\">NOTRE ENTREPRISE<\/h2>\t\t\t\t<\/div>\n\t\t\t\t<\/div>\n\t\t\t\t<div class=\"elementor-element elementor-element-34a833d elementor-widget-divider--view-line elementor-widget elementor-widget-divider\" data-id=\"34a833d\" data-element_type=\"widget\" data-widget_type=\"divider.default\">\n\t\t\t\t<div class=\"elementor-widget-container\">\n\t\t\t\t\t\t\t<div class=\"elementor-divider\">\n\t\t\t<span class=\"elementor-divider-separator\">\n\t\t\t\t\t\t<\/span>\n\t\t<\/div>\n\t\t\t\t\t\t<\/div>\n\t\t\t\t<\/div>\n\t\t\t\t\t<\/div>\n\t\t<\/div>\n\t\t\t\t\t<\/div>\n\t\t<\/section>\n\t\t\t\t<section class=\"elementor-section elementor-inner-section elementor-element elementor-element-d79b8e1 elementor-section-boxed elementor-section-height-default elementor-section-height-default\" data-id=\"d79b8e1\" data-element_type=\"section\" data-settings=\"{&quot;jet_parallax_layout_list&quot;:[]}\">\n\t\t\t\t\t\t<div class=\"elementor-container elementor-column-gap-extended\">\n\t\t\t\t\t<div class=\"elementor-column elementor-col-50 elementor-inner-column elementor-element elementor-element-187457f\" data-id=\"187457f\" data-element_type=\"column\">\n\t\t\t<div class=\"elementor-widget-wrap elementor-element-populated\">\n\t\t\t\t\t\t<div class=\"elementor-element elementor-element-7f02967 elementor-widget elementor-widget-text-editor\" data-id=\"7f02967\" data-element_type=\"widget\" data-widget_type=\"text-editor.default\">\n\t\t\t\t<div class=\"elementor-widget-container\">\n\t\t\t\t\t\t\t\t\t<p>Nous sommes situ\u00e9s pr\u00e8s de la zone portuaire de Lima, capitale du P\u00e9rou. Industrias Electro Qu\u00edmicas (IEQSA) est le plus important complexe industriel de transformation de zinc au P\u00e9rou et d&#8217;Am\u00e9rique du Sud.<\/p>\t\t\t\t\t\t\t\t<\/div>\n\t\t\t\t<\/div>\n\t\t\t\t\t<\/div>\n\t\t<\/div>\n\t\t\t\t<div class=\"elementor-column elementor-col-50 elementor-inner-column elementor-element elementor-element-616644c\" data-id=\"616644c\" data-element_type=\"column\">\n\t\t\t<div class=\"elementor-widget-wrap elementor-element-populated\">\n\t\t\t\t\t\t<div class=\"elementor-element elementor-element-8b6d119 elementor-widget elementor-widget-jet-carousel\" data-id=\"8b6d119\" data-element_type=\"widget\" data-settings=\"{&quot;slides_to_show&quot;:&quot;1&quot;,&quot;slides_to_scroll&quot;:&quot;1&quot;}\" data-widget_type=\"jet-carousel.default\">\n\t\t\t\t<div class=\"elementor-widget-container\">\n\t\t\t\t\t<div class=\"elementor-jet-carousel jet-elements\"><div class=\"jet-carousel-wrap jet-equal-cols\">\n\t<div class=\"jet-carousel\" data-slider_options=\"{&quot;autoplaySpeed&quot;:6000,&quot;autoplay&quot;:true,&quot;infinite&quot;:true,&quot;centerMode&quot;:false,&quot;centerPadding&quot;:&quot;50px&quot;,&quot;pauseOnHover&quot;:false,&quot;speed&quot;:500,&quot;arrows&quot;:true,&quot;dots&quot;:false,&quot;variableWidth&quot;:false,&quot;prevArrow&quot;:&quot;.jet-carousel__prev-arrow-8b6d119&quot;,&quot;nextArrow&quot;:&quot;.jet-carousel__next-arrow-8b6d119&quot;,&quot;rtl&quot;:false,&quot;fractionNav&quot;:false,&quot;fade&quot;:false}\" dir=\"ltr\">\n\t<div class=\"elementor-slick-slider\">\n\n<div class=\"jet-carousel__item\">\n\t<div class=\"jet-carousel__item-inner\"><img decoding=\"async\" src=\"https:\/\/www.rozpalsac.com\/ieqsa\/wp-content\/uploads\/2023\/06\/nosotros03-1.webp\" class=\"jet-carousel__item-img\" alt=\"nosotros03-1\" loading=\"lazy\"><div class=\"jet-carousel__content\"><\/div><\/div>\n<\/div>\n\n<div class=\"jet-carousel__item\">\n\t<div class=\"jet-carousel__item-inner\"><img decoding=\"async\" src=\"https:\/\/www.rozpalsac.com\/ieqsa\/wp-content\/uploads\/2023\/06\/nosotros01-1.webp\" class=\"jet-carousel__item-img\" alt=\"nosotros01-1\" loading=\"lazy\"><div class=\"jet-carousel__content\"><\/div><\/div>\n<\/div>\n\n<div class=\"jet-carousel__item\">\n\t<div class=\"jet-carousel__item-inner\"><img decoding=\"async\" src=\"https:\/\/www.rozpalsac.com\/ieqsa\/wp-content\/uploads\/2023\/06\/nosotros04-1.webp\" class=\"jet-carousel__item-img\" alt=\"nosotros04-1\" loading=\"lazy\"><div class=\"jet-carousel__content\"><\/div><\/div>\n<\/div>\n<\/div><div class=\"jet-carousel__prev-arrow-8b6d119 jet-arrow prev-arrow\"><i aria-hidden=\"true\" class=\"fas fa-angle-left\"><\/i><\/div><div class=\"jet-carousel__next-arrow-8b6d119 jet-arrow next-arrow\"><i aria-hidden=\"true\" class=\"fas fa-angle-right\"><\/i><\/div><\/div>\n<\/div>\n<\/div>\t\t\t\t<\/div>\n\t\t\t\t<\/div>\n\t\t\t\t\t<\/div>\n\t\t<\/div>\n\t\t\t\t\t<\/div>\n\t\t<\/section>\n\t\t\t\t<section class=\"elementor-section elementor-inner-section elementor-element elementor-element-a5c5ba8 elementor-section-boxed elementor-section-height-default elementor-section-height-default\" data-id=\"a5c5ba8\" data-element_type=\"section\" data-settings=\"{&quot;jet_parallax_layout_list&quot;:[],&quot;background_background&quot;:&quot;classic&quot;}\">\n\t\t\t\t\t\t<div class=\"elementor-container elementor-column-gap-extended\">\n\t\t\t\t\t<div class=\"elementor-column elementor-col-33 elementor-inner-column elementor-element elementor-element-c0839cd\" data-id=\"c0839cd\" data-element_type=\"column\">\n\t\t\t<div class=\"elementor-widget-wrap elementor-element-populated\">\n\t\t\t\t\t\t<div class=\"elementor-element elementor-element-49724c5 elementor-widget elementor-widget-text-editor\" data-id=\"49724c5\" data-element_type=\"widget\" data-widget_type=\"text-editor.default\">\n\t\t\t\t<div class=\"elementor-widget-container\">\n\t\t\t\t\t\t\t\t\tNos op\u00e9rations comprennent la production des d\u00e9riv\u00e9s m\u00e9tallurgiques du zinc, tels que les alliages de zinc, zinc lamin\u00e9 (feuilles, flans, bobines et bobineaux), pastilles de zinc pour la fabrication de piles salines, bandes de zinc pour l\u00b4utilisation \u00e9lectrochimique, anodes pour la galvanisation, et enfin la fabrication de l\u2019oxyde de zinc. Nos exportations couvrent les clients du monde entier.\t\t\t\t\t\t\t\t<\/div>\n\t\t\t\t<\/div>\n\t\t\t\t\t<\/div>\n\t\t<\/div>\n\t\t\t\t<div class=\"elementor-column elementor-col-33 elementor-inner-column elementor-element elementor-element-ed1128c\" data-id=\"ed1128c\" data-element_type=\"column\">\n\t\t\t<div class=\"elementor-widget-wrap elementor-element-populated\">\n\t\t\t\t\t\t<div class=\"elementor-element elementor-element-1446116 elementor-widget elementor-widget-text-editor\" data-id=\"1446116\" data-element_type=\"widget\" data-widget_type=\"text-editor.default\">\n\t\t\t\t<div class=\"elementor-widget-container\">\n\t\t\t\t\t\t\t\t\tIndustrias Electroqu\u00edmicas n\u2019est pas un g\u00e9ant mondial de l\u2019industrie m\u00e9tallurgique, mais plut\u00f4t une installation moderne et efficiente s\u2019appuyant sur la force d\u2019un pays qui, bien qu\u2019\u00e9tant jeune, poss\u00e8de l\u2019une des traditions m\u00e9tallurgiques les plus anciennes de la plan\u00e8te. Nous n\u2019avons pas besoin d\u2019\u00eatre grands pour faire de grandes choses pour vous. Et si vos besoins ont un rapport avec le zinc n\u00b4h\u00e9sitez pas \u00e0 nous consulter !\t\t\t\t\t\t\t\t<\/div>\n\t\t\t\t<\/div>\n\t\t\t\t\t<\/div>\n\t\t<\/div>\n\t\t\t\t<div class=\"elementor-column elementor-col-33 elementor-inner-column elementor-element elementor-element-20cf9db\" data-id=\"20cf9db\" data-element_type=\"column\">\n\t\t\t<div class=\"elementor-widget-wrap elementor-element-populated\">\n\t\t\t\t\t\t<div class=\"elementor-element elementor-element-f78b7d8 elementor-widget elementor-widget-text-editor\" data-id=\"f78b7d8\" data-element_type=\"widget\" data-widget_type=\"text-editor.default\">\n\t\t\t\t<div class=\"elementor-widget-container\">\n\t\t\t\t\t\t\t\t\tNous tenons \u00e0 votre disposition une large gamme de d\u00e9riv\u00e9s m\u00e9tallurgiques et chimiques ainsi qu\u2019une v\u00e9ritable volont\u00e9 de vous servir, volont\u00e9 que seule une entreprise de notre dimension peut avoir.\t\t\t\t\t\t\t\t<\/div>\n\t\t\t\t<\/div>\n\t\t\t\t<div class=\"elementor-element elementor-element-3d45ae7 elementor-widget__width-initial elementor-widget elementor-widget-image\" data-id=\"3d45ae7\" data-element_type=\"widget\" data-widget_type=\"image.default\">\n\t\t\t\t<div class=\"elementor-widget-container\">\n\t\t\t\t\t\t\t\t\t\t\t\t\t\t\t\t<a href=\"https:\/\/www.rozpalsac.com\/ieqsa\/wp-content\/uploads\/2025\/03\/Reporte-de-Sostenibilidad-IEQSA-en.pdf\" target=\"_blank\">\n\t\t\t\t\t\t\t<img fetchpriority=\"high\" decoding=\"async\" width=\"300\" height=\"300\" src=\"https:\/\/www.rozpalsac.com\/ieqsa\/wp-content\/uploads\/2023\/06\/logo-ieqsa-2023-300px.webp\" class=\"attachment-full size-full wp-image-8808\" alt=\"\" srcset=\"https:\/\/www.rozpalsac.com\/ieqsa\/wp-content\/uploads\/2023\/06\/logo-ieqsa-2023-300px.webp 300w, https:\/\/www.rozpalsac.com\/ieqsa\/wp-content\/uploads\/2023\/06\/logo-ieqsa-2023-300px-150x150.webp 150w\" sizes=\"(max-width: 300px) 100vw, 300px\" \/>\t\t\t\t\t\t\t\t<\/a>\n\t\t\t\t\t\t\t\t\t\t\t\t\t\t\t<\/div>\n\t\t\t\t<\/div>\n\t\t\t\t<div class=\"elementor-element elementor-element-37d0f92 elementor-widget__width-initial elementor-widget elementor-widget-heading\" data-id=\"37d0f92\" data-element_type=\"widget\" data-widget_type=\"heading.default\">\n\t\t\t\t<div class=\"elementor-widget-container\">\n\t\t\t\t\t<h2 class=\"elementor-heading-title elementor-size-default\"><a href=\"https:\/\/www.rozpalsac.com\/ieqsa\/wp-content\/uploads\/2025\/03\/Reporte-de-Sostenibilidad-IEQSA-en.pdf\" target=\"_blank\">Rapport de Durabilit\u00e9<\/a><\/h2>\t\t\t\t<\/div>\n\t\t\t\t<\/div>\n\t\t\t\t\t<\/div>\n\t\t<\/div>\n\t\t\t\t\t<\/div>\n\t\t<\/section>\n\t\t\t\t<section class=\"elementor-section elementor-inner-section elementor-element elementor-element-29072f0 elementor-section-full_width elementor-section-height-default elementor-section-height-default\" data-id=\"29072f0\" data-element_type=\"section\" data-settings=\"{&quot;jet_parallax_layout_list&quot;:[],&quot;background_background&quot;:&quot;classic&quot;}\">\n\t\t\t\t\t\t\t<div class=\"elementor-background-overlay\"><\/div>\n\t\t\t\t\t\t\t<div class=\"elementor-container elementor-column-gap-no\">\n\t\t\t\t\t<div class=\"elementor-column elementor-col-100 elementor-inner-column elementor-element elementor-element-89737ff\" data-id=\"89737ff\" data-element_type=\"column\" data-settings=\"{&quot;background_background&quot;:&quot;classic&quot;}\">\n\t\t\t<div class=\"elementor-widget-wrap elementor-element-populated\">\n\t\t\t\t\t<div class=\"elementor-background-overlay\"><\/div>\n\t\t\t\t\t\t<div class=\"elementor-element elementor-element-08bc3b5 elementor-widget elementor-widget-heading\" data-id=\"08bc3b5\" data-element_type=\"widget\" data-widget_type=\"heading.default\">\n\t\t\t\t<div class=\"elementor-widget-container\">\n\t\t\t\t\t<h2 class=\"elementor-heading-title elementor-size-default\">LE P\u00c9ROU, LE PAYS DU ZINC<\/h2>\t\t\t\t<\/div>\n\t\t\t\t<\/div>\n\t\t\t\t<div class=\"elementor-element elementor-element-e34abcc elementor-widget elementor-widget-text-editor\" data-id=\"e34abcc\" data-element_type=\"widget\" data-widget_type=\"text-editor.default\">\n\t\t\t\t<div class=\"elementor-widget-container\">\n\t\t\t\t\t\t\t\t\tLe P\u00e9rou est le \u00ab cadeau \u00bb des Andes. Dans les entrailles de cette nation des Andes centrales d\u00b4Am\u00e9rique du Sud se trouve l\u2019une des plus importantes r\u00e9serves de minerais de la plan\u00e8te.\t\t\t\t\t\t\t\t<\/div>\n\t\t\t\t<\/div>\n\t\t\t\t<div class=\"elementor-element elementor-element-7618733 elementor-align-center elementor-widget elementor-widget-button\" data-id=\"7618733\" data-element_type=\"widget\" data-widget_type=\"button.default\">\n\t\t\t\t<div class=\"elementor-widget-container\">\n\t\t\t\t\t\t\t\t\t<div class=\"elementor-button-wrapper\">\n\t\t\t\t\t<a class=\"elementor-button elementor-button-link elementor-size-sm\" href=\"https:\/\/www.rozpalsac.com\/ieqsa\/fr\/contactez-nous\/\">\n\t\t\t\t\t\t<span class=\"elementor-button-content-wrapper\">\n\t\t\t\t\t\t\t\t\t<span class=\"elementor-button-text\">CONTACTEZ NOUS<\/span>\n\t\t\t\t\t<\/span>\n\t\t\t\t\t<\/a>\n\t\t\t\t<\/div>\n\t\t\t\t\t\t\t\t<\/div>\n\t\t\t\t<\/div>\n\t\t\t\t\t<\/div>\n\t\t<\/div>\n\t\t\t\t\t<\/div>\n\t\t<\/section>\n\t\t\t\t<section class=\"elementor-section elementor-inner-section elementor-element elementor-element-b1e1a04 elementor-section-boxed elementor-section-height-default elementor-section-height-default\" data-id=\"b1e1a04\" data-element_type=\"section\" data-settings=\"{&quot;jet_parallax_layout_list&quot;:[]}\">\n\t\t\t\t\t\t<div class=\"elementor-container elementor-column-gap-extended\">\n\t\t\t\t\t<div class=\"elementor-column elementor-col-50 elementor-inner-column elementor-element elementor-element-e6c0c84\" data-id=\"e6c0c84\" data-element_type=\"column\">\n\t\t\t<div class=\"elementor-widget-wrap elementor-element-populated\">\n\t\t\t\t\t\t<div class=\"elementor-element elementor-element-b3216fc elementor-widget elementor-widget-text-editor\" data-id=\"b3216fc\" data-element_type=\"widget\" data-widget_type=\"text-editor.default\">\n\t\t\t\t<div class=\"elementor-widget-container\">\n\t\t\t\t\t\t\t\t\tC\u2019est en 1922, gr\u00e2ce \u00e0 la raffinerie de La Oroya, qu\u00b4est n\u00e9 v\u00e9ritablement au P\u00e9rou le raffinage moderne du zinc, activit\u00e9 qui n\u2019a pas cess\u00e9 de se d\u00e9velopper depuis et qui a \u00e9t\u00e9 marqu\u00e9e par l\u2019inauguration, en avril 1981 d\u2019une seconde raffinerie, Cajamarquilla. L\u2019\u00e9nergie hydro\u00e9lectrique, autre \u00ab cadeau \u00bb des Andes, permet de disposer d\u2019une source d\u2019\u00e9lectricit\u00e9 tr\u00e8s comp\u00e9titive. Depuis 2004, l\u2019exploitation des gisements de gaz naturel de Camisea, un des plus importants d\u2019Am\u00e9rique du Sud, a mis \u00e0 disposition de IEQSA encore une fois une nouvelle source d\u2019\u00e9nergie comp\u00e9titive. Finalement, l\u2019ouverture r\u00e9cente de nouvelles mines de zinc au P\u00e9rou place ce dernier au second rang mondial des pays exportateurs de ce m\u00e9tal.\n\t\t\t\t\t\t\t\t<\/div>\n\t\t\t\t<\/div>\n\t\t\t\t\t<\/div>\n\t\t<\/div>\n\t\t\t\t<div class=\"elementor-column elementor-col-50 elementor-inner-column elementor-element elementor-element-88e2e1b\" data-id=\"88e2e1b\" data-element_type=\"column\">\n\t\t\t<div class=\"elementor-widget-wrap elementor-element-populated\">\n\t\t\t\t\t\t<div class=\"elementor-element elementor-element-855be37 elementor-widget elementor-widget-text-editor\" data-id=\"855be37\" data-element_type=\"widget\" data-widget_type=\"text-editor.default\">\n\t\t\t\t<div class=\"elementor-widget-container\">\n\t\t\t\t\t\t\t\t\tL\u2019histoire et la technologie constituent donc la base et le soutien de l\u2019industrie de la transformation du zinc au P\u00e9rou, industrie utilisant une mati\u00e8re premi\u00e8re de qualit\u00e9 optimale disponible localement. Cette mati\u00e8re premi\u00e8re a fait du P\u00e9rou le second exportateur mondial dans le domaine de l\u2019industrie du zinc\u2026 tout ceci dans un pays tr\u00e8s riche en sources \u00e9nergetiques comp\u00e9titives.\t\t\t\t\t\t\t\t<\/div>\n\t\t\t\t<\/div>\n\t\t\t\t\t<\/div>\n\t\t<\/div>\n\t\t\t\t\t<\/div>\n\t\t<\/section>\n\t\t\t\t<section class=\"elementor-section elementor-inner-section elementor-element elementor-element-6b1e2ac elementor-section-boxed elementor-section-height-default elementor-section-height-default\" data-id=\"6b1e2ac\" data-element_type=\"section\" data-settings=\"{&quot;jet_parallax_layout_list&quot;:[]}\">\n\t\t\t\t\t\t<div class=\"elementor-container elementor-column-gap-extended\">\n\t\t\t\t\t<div class=\"elementor-column elementor-col-100 elementor-inner-column elementor-element elementor-element-17d9c7f\" data-id=\"17d9c7f\" data-element_type=\"column\">\n\t\t\t<div class=\"elementor-widget-wrap elementor-element-populated\">\n\t\t\t\t\t\t<div class=\"elementor-element elementor-element-6497aa3 elementor-widget elementor-widget-heading\" data-id=\"6497aa3\" data-element_type=\"widget\" data-widget_type=\"heading.default\">\n\t\t\t\t<div class=\"elementor-widget-container\">\n\t\t\t\t\t<h2 class=\"elementor-heading-title elementor-size-default\">VID\u00c9O INSTITUTIONNELLE<\/h2>\t\t\t\t<\/div>\n\t\t\t\t<\/div>\n\t\t\t\t<div class=\"elementor-element elementor-element-55bebe4 elementor-widget elementor-widget-jet-video\" data-id=\"55bebe4\" data-element_type=\"widget\" data-widget_type=\"jet-video.default\">\n\t\t\t\t<div class=\"elementor-widget-container\">\n\t\t\t\t\t<div class=\"elementor-jet-video jet-elements\">\n<div class=\"jet-video jet-video--fa5-compat\" data-settings=\"{&quot;lightbox&quot;:false,&quot;autoplay&quot;:false}\"><video class=\"jet-video-player jet-video-html5-player jet-video-custom-play-button\" src=\"https:\/\/www.rozpalsac.com\/ieqsa\/wp-content\/uploads\/2023\/06\/video-insitucional-frances.mp4\" controls=\"\" playsinline=\"\" controlsList=\"nodownload\"><\/video>\n<div class=\"jet-video__overlay\">\n<div class=\"jet-video__play-button jet-video__play-button--animation-grow\" role=\"button\" tabindex=\"0\" aria-label=\"Reproducir Video\"><img decoding=\"async\" src=\"https:\/\/www.rozpalsac.com\/ieqsa\/wp-content\/uploads\/2023\/06\/logo-ieqsa-2023-300px.webp\" alt=\"Play Video\" class=\"jet-video__play-button-image\">\t<span class=\"elementor-screen-only\">Play Video<\/span>\n<\/div>\n<\/div>\n<\/div>\n<\/div>\t\t\t\t<\/div>\n\t\t\t\t<\/div>\n\t\t\t\t\t<\/div>\n\t\t<\/div>\n\t\t\t\t\t<\/div>\n\t\t<\/section>\n\t\t\t\t<div class=\"elementor-element elementor-element-92e2774 elementor-widget elementor-widget-spacer\" data-id=\"92e2774\" data-element_type=\"widget\" data-widget_type=\"spacer.default\">\n\t\t\t\t<div class=\"elementor-widget-container\">\n\t\t\t\t\t\t\t<div class=\"elementor-spacer\">\n\t\t\t<div class=\"elementor-spacer-inner\"><\/div>\n\t\t<\/div>\n\t\t\t\t\t\t<\/div>\n\t\t\t\t<\/div>\n\t\t\t\t\t<\/div>\n\t\t<\/div>\n\t\t\t\t\t<\/div>\n\t\t<\/section>\n\t\t\t\t<\/div>\n\t\t","protected":false},"excerpt":{"rendered":"<p>NOTRE ENTREPRISE Nous sommes situ\u00e9s pr\u00e8s de la zone portuaire de Lima, capitale du P\u00e9rou. Industrias Electro Qu\u00edmicas (IEQSA) est le plus important complexe industriel de transformation de zinc au P\u00e9rou et d&#8217;Am\u00e9rique du Sud. Nos op\u00e9rations comprennent la production des d\u00e9riv\u00e9s m\u00e9tallurgiques du zinc, tels que les alliages de zinc, zinc lamin\u00e9 (feuilles, flans, [&hellip;]<\/p>\n","protected":false},"author":1,"featured_media":0,"parent":0,"menu_order":0,"comment_status":"closed","ping_status":"closed","template":"elementor_header_footer","meta":{"footnotes":""},"class_list":["post-8750","page","type-page","status-publish","hentry"],"_links":{"self":[{"href":"https:\/\/www.rozpalsac.com\/ieqsa\/wp-json\/wp\/v2\/pages\/8750","targetHints":{"allow":["GET"]}}],"collection":[{"href":"https:\/\/www.rozpalsac.com\/ieqsa\/wp-json\/wp\/v2\/pages"}],"about":[{"href":"https:\/\/www.rozpalsac.com\/ieqsa\/wp-json\/wp\/v2\/types\/page"}],"author":[{"embeddable":true,"href":"https:\/\/www.rozpalsac.com\/ieqsa\/wp-json\/wp\/v2\/users\/1"}],"replies":[{"embeddable":true,"href":"https:\/\/www.rozpalsac.com\/ieqsa\/wp-json\/wp\/v2\/comments?post=8750"}],"version-history":[{"count":12,"href":"https:\/\/www.rozpalsac.com\/ieqsa\/wp-json\/wp\/v2\/pages\/8750\/revisions"}],"predecessor-version":[{"id":12148,"href":"https:\/\/www.rozpalsac.com\/ieqsa\/wp-json\/wp\/v2\/pages\/8750\/revisions\/12148"}],"wp:attachment":[{"href":"https:\/\/www.rozpalsac.com\/ieqsa\/wp-json\/wp\/v2\/media?parent=8750"}],"curies":[{"name":"wp","href":"https:\/\/api.w.org\/{rel}","templated":true}]}}